{"id":4643,"date":"2022-01-25T11:42:02","date_gmt":"2022-01-25T10:42:02","guid":{"rendered":"https:\/\/www.sudvitrailmosaique.fr\/?post_type=product&#038;p=4643"},"modified":"2025-10-21T04:54:56","modified_gmt":"2025-10-21T03:54:56","slug":"lampe-vitrail-tiffany-contemporain-noir-et-rouge","status":"publish","type":"product","link":"https:\/\/www.sudvitrailmosaique.fr\/index.php\/produit\/lampe-vitrail-tiffany-contemporain-noir-et-rouge\/","title":{"rendered":"Lampe en vitrail Tiffany noir et rouge de style contemporain"},"content":{"rendered":"<p>Caract\u00e9ristiques de la lampe en vitrail Tiffany :<\/p>\n<p>Lampe en Vitrail Tiffany (cuivre et \u00e9tain) de style contemporain.<\/p>\n<p>4 faces travaill\u00e9es pour cette lampe en vitrail Tiffany noir et rouge<br \/>\nSur chaque face billes et galets de verre<br \/>\nSoudure couleur \u00e9tain<br \/>\nhauteur env. 22 cm<br \/>\nlargeur env. 16 cm<br \/>\nprofondeur env. 16 cm<\/p>\n<p>\u00c9quipement \u00e9lectrique :<\/p>\n<p>cordon \u00e9lectrique avec interrupteur noir de 1,50 m,<br \/>\ndouille pour une ampoule \u00e0 culot E27<br \/>\nlivr\u00e9e sans ampoule.<\/p>\n<p>Sud Vitrail Mosa\u00efque cr\u00e9e votre luminaire personnalis\u00e9e en vitrail Tiffany ainsi que des objets de d\u00e9coration sur commande : <a href=\"https:\/\/www.sudvitrailmosaique.fr\/index.php\/contact\/\">Contactez moi<\/a><\/p>\n","protected":false},"excerpt":{"rendered":"<p>Lampe rouge passion et noire baroque \ud83d\ude42<\/p>\n","protected":false},"featured_media":4644,"comment_status":"closed","ping_status":"closed","template":"","meta":{"ocean_post_layout":"","ocean_both_sidebars_style":"","ocean_both_sidebars_content_width":0,"ocean_both_sidebars_sidebars_width":0,"ocean_sidebar":"0","ocean_second_sidebar":"0","ocean_disable_margins":"enable","ocean_add_body_class":"","ocean_shortcode_before_top_bar":"","ocean_shortcode_after_top_bar":"","ocean_shortcode_before_header":"","ocean_shortcode_after_header":"","ocean_has_shortcode":"","ocean_shortcode_after_title":"","ocean_shortcode_before_footer_widgets":"","ocean_shortcode_after_footer_widgets":"","ocean_shortcode_before_footer_bottom":"","ocean_shortcode_after_footer_bottom":"","ocean_display_top_bar":"default","ocean_display_header":"default","ocean_header_style":"","ocean_center_header_left_menu":"0","ocean_custom_header_template":"0","ocean_custom_logo":0,"ocean_custom_retina_logo":0,"ocean_custom_logo_max_width":0,"ocean_custom_logo_tablet_max_width":0,"ocean_custom_logo_mobile_max_width":0,"ocean_custom_logo_max_height":0,"ocean_custom_logo_tablet_max_height":0,"ocean_custom_logo_mobile_max_height":0,"ocean_header_custom_menu":"0","ocean_menu_typo_font_family":"0","ocean_menu_typo_font_subset":"","ocean_menu_typo_font_size":0,"ocean_menu_typo_font_size_tablet":0,"ocean_menu_typo_font_size_mobile":0,"ocean_menu_typo_font_size_unit":"px","ocean_menu_typo_font_weight":"","ocean_menu_typo_font_weight_tablet":"","ocean_menu_typo_font_weight_mobile":"","ocean_menu_typo_transform":"","ocean_menu_typo_transform_tablet":"","ocean_menu_typo_transform_mobile":"","ocean_menu_typo_line_height":0,"ocean_menu_typo_line_height_tablet":0,"ocean_menu_typo_line_height_mobile":0,"ocean_menu_typo_line_height_unit":"","ocean_menu_typo_spacing":0,"ocean_menu_typo_spacing_tablet":0,"ocean_menu_typo_spacing_mobile":0,"ocean_menu_typo_spacing_unit":"","ocean_menu_link_color":"","ocean_menu_link_color_hover":"","ocean_menu_link_color_active":"","ocean_menu_link_background":"","ocean_menu_link_hover_background":"","ocean_menu_link_active_background":"","ocean_menu_social_links_bg":"","ocean_menu_social_hover_links_bg":"","ocean_menu_social_links_color":"","ocean_menu_social_hover_links_color":"","ocean_disable_title":"default","ocean_disable_heading":"default","ocean_post_title":"","ocean_post_subheading":"","ocean_post_title_style":"","ocean_post_title_background_color":"","ocean_post_title_background":0,"ocean_post_title_bg_image_position":"","ocean_post_title_bg_image_attachment":"","ocean_post_title_bg_image_repeat":"","ocean_post_title_bg_image_size":"","ocean_post_title_height":0,"ocean_post_title_bg_overlay":0.5,"ocean_post_title_bg_overlay_color":"","ocean_disable_breadcrumbs":"default","ocean_breadcrumbs_color":"","ocean_breadcrumbs_separator_color":"","ocean_breadcrumbs_links_color":"","ocean_breadcrumbs_links_hover_color":"","ocean_display_footer_widgets":"default","ocean_display_footer_bottom":"default","ocean_custom_footer_template":"0"},"product_brand":[],"product_cat":[145,105,38],"product_tag":[197,196,201],"giftcard-category":[],"class_list":{"0":"post-4643","1":"product","2":"type-product","3":"status-publish","4":"has-post-thumbnail","6":"product_cat-collection-passion-rubis-rouge","7":"product_cat-luminaire-vitrail-tiffany","8":"product_cat-vitrail-tiffany-plomb","9":"product_tag-lampe-tiffany","10":"product_tag-lampe-vitrail","11":"product_tag-lampe-vitrail-tiffany","13":"entry","14":"has-media","16":"first","17":"outofstock","18":"sale","19":"shipping-taxable","20":"purchasable","21":"product-type-simple","22":"has-product-nav","23":"col","24":"span_1_of_4","25":"owp-content-center","26":"item-entry","27":"owp-thumbs-layout-horizontal","28":"owp-btn-very-big","29":"owp-tabs-layout-horizontal","31":"circle-sale"},"yoast_head":"<!-- This site is optimized with the Yoast SEO plugin v27.4 - https:\/\/yoast.com\/product\/yoast-seo-wordpress\/ -->\n<title>Lampe en Vitrail Tiffany - Noir et Rouge - Sud Vitrail Mosa\u00efque<\/title>\n<meta name=\"description\" content=\"Lampe en Vitrail Tiffany de style contemporain avec des billes et galets en verre. Luminaires Atelier Sud Vitrail Mosa\u00efque en PACA SUD (83)\" \/>\n<meta name=\"robots\" content=\"index, follow, max-snippet:-1, max-image-preview:large, max-video-preview:-1\" \/>\n<link rel=\"canonical\" href=\"https:\/\/www.sudvitrailmosaique.fr\/index.php\/produit\/lampe-vitrail-tiffany-contemporain-noir-et-rouge\/\" \/>\n<meta property=\"og:locale\" content=\"fr_FR\" \/>\n<meta property=\"og:type\" content=\"article\" \/>\n<meta property=\"og:title\" content=\"Lampe en Vitrail Tiffany - Noir et Rouge - Sud Vitrail Mosa\u00efque\" \/>\n<meta property=\"og:description\" content=\"Lampe en Vitrail Tiffany de style contemporain avec des billes et galets en verre. Luminaires Atelier Sud Vitrail Mosa\u00efque en PACA SUD (83)\" \/>\n<meta property=\"og:url\" content=\"https:\/\/www.sudvitrailmosaique.fr\/index.php\/produit\/lampe-vitrail-tiffany-contemporain-noir-et-rouge\/\" \/>\n<meta property=\"og:site_name\" content=\"Sud Vitrail Mosa\u00efque\" \/>\n<meta property=\"article:publisher\" content=\"https:\/\/www.facebook.com\/Sudvitrailmosaique\/\" \/>\n<meta property=\"article:modified_time\" content=\"2025-10-21T03:54:56+00:00\" \/>\n<meta property=\"og:image\" content=\"https:\/\/www.sudvitrailmosaique.fr\/wp-content\/uploads\/2022\/01\/Lampe-Vitrail-Rouge-Noir-Sudvitrailmosaique.jpg\" \/>\n\t<meta property=\"og:image:width\" content=\"600\" \/>\n\t<meta property=\"og:image:height\" content=\"600\" \/>\n\t<meta property=\"og:image:type\" content=\"image\/jpeg\" \/>\n<meta name=\"twitter:label1\" content=\"Dur\u00e9e de lecture estim\u00e9e\" \/>\n\t<meta name=\"twitter:data1\" content=\"1 minute\" \/>\n<script type=\"application\/ld+json\" class=\"yoast-schema-graph\">{\"@context\":\"https:\\\/\\\/schema.org\",\"@graph\":[{\"@type\":\"WebPage\",\"@id\":\"https:\\\/\\\/www.sudvitrailmosaique.fr\\\/index.php\\\/produit\\\/lampe-vitrail-tiffany-contemporain-noir-et-rouge\\\/\",\"url\":\"https:\\\/\\\/www.sudvitrailmosaique.fr\\\/index.php\\\/produit\\\/lampe-vitrail-tiffany-contemporain-noir-et-rouge\\\/\",\"name\":\"Lampe en Vitrail Tiffany - Noir et Rouge - Sud Vitrail Mosa\u00efque\",\"isPartOf\":{\"@id\":\"https:\\\/\\\/www.sudvitrailmosaique.fr\\\/#website\"},\"primaryImageOfPage\":{\"@id\":\"https:\\\/\\\/www.sudvitrailmosaique.fr\\\/index.php\\\/produit\\\/lampe-vitrail-tiffany-contemporain-noir-et-rouge\\\/#primaryimage\"},\"image\":{\"@id\":\"https:\\\/\\\/www.sudvitrailmosaique.fr\\\/index.php\\\/produit\\\/lampe-vitrail-tiffany-contemporain-noir-et-rouge\\\/#primaryimage\"},\"thumbnailUrl\":\"https:\\\/\\\/www.sudvitrailmosaique.fr\\\/wp-content\\\/uploads\\\/2022\\\/01\\\/Lampe-Vitrail-Rouge-Noir-Sudvitrailmosaique.jpg\",\"datePublished\":\"2022-01-25T10:42:02+00:00\",\"dateModified\":\"2025-10-21T03:54:56+00:00\",\"description\":\"Lampe en Vitrail Tiffany de style contemporain avec des billes et galets en verre. Luminaires Atelier Sud Vitrail Mosa\u00efque en PACA SUD (83)\",\"breadcrumb\":{\"@id\":\"https:\\\/\\\/www.sudvitrailmosaique.fr\\\/index.php\\\/produit\\\/lampe-vitrail-tiffany-contemporain-noir-et-rouge\\\/#breadcrumb\"},\"inLanguage\":\"fr-FR\",\"potentialAction\":[{\"@type\":\"ReadAction\",\"target\":[\"https:\\\/\\\/www.sudvitrailmosaique.fr\\\/index.php\\\/produit\\\/lampe-vitrail-tiffany-contemporain-noir-et-rouge\\\/\"]}]},{\"@type\":\"ImageObject\",\"inLanguage\":\"fr-FR\",\"@id\":\"https:\\\/\\\/www.sudvitrailmosaique.fr\\\/index.php\\\/produit\\\/lampe-vitrail-tiffany-contemporain-noir-et-rouge\\\/#primaryimage\",\"url\":\"https:\\\/\\\/www.sudvitrailmosaique.fr\\\/wp-content\\\/uploads\\\/2022\\\/01\\\/Lampe-Vitrail-Rouge-Noir-Sudvitrailmosaique.jpg\",\"contentUrl\":\"https:\\\/\\\/www.sudvitrailmosaique.fr\\\/wp-content\\\/uploads\\\/2022\\\/01\\\/Lampe-Vitrail-Rouge-Noir-Sudvitrailmosaique.jpg\",\"width\":600,\"height\":600,\"caption\":\"Lampe en Vitrail Tiffany - Verre Rouge passion et verre Noir Baroque\"},{\"@type\":\"BreadcrumbList\",\"@id\":\"https:\\\/\\\/www.sudvitrailmosaique.fr\\\/index.php\\\/produit\\\/lampe-vitrail-tiffany-contemporain-noir-et-rouge\\\/#breadcrumb\",\"itemListElement\":[{\"@type\":\"ListItem\",\"position\":1,\"name\":\"Accueil\",\"item\":\"https:\\\/\\\/www.sudvitrailmosaique.fr\\\/\"},{\"@type\":\"ListItem\",\"position\":2,\"name\":\"Boutique\",\"item\":\"https:\\\/\\\/www.sudvitrailmosaique.fr\\\/index.php\\\/boutique\\\/\"},{\"@type\":\"ListItem\",\"position\":3,\"name\":\"Collection Passion Rubis\",\"item\":\"https:\\\/\\\/www.sudvitrailmosaique.fr\\\/index.php\\\/categorie-produit\\\/collection-passion-rubis-rouge\\\/\"},{\"@type\":\"ListItem\",\"position\":4,\"name\":\"Lampe en vitrail Tiffany noir et rouge de style contemporain\"}]},{\"@type\":\"WebSite\",\"@id\":\"https:\\\/\\\/www.sudvitrailmosaique.fr\\\/#website\",\"url\":\"https:\\\/\\\/www.sudvitrailmosaique.fr\\\/\",\"name\":\"Sud Vitrail Mosa\u00efque\",\"description\":\"La magie du Vitrail et de la Mosa\u00efque \u00e0 Brignoles (83170) dans le Var\",\"publisher\":{\"@id\":\"https:\\\/\\\/www.sudvitrailmosaique.fr\\\/#organization\"},\"potentialAction\":[{\"@type\":\"SearchAction\",\"target\":{\"@type\":\"EntryPoint\",\"urlTemplate\":\"https:\\\/\\\/www.sudvitrailmosaique.fr\\\/?s={search_term_string}\"},\"query-input\":{\"@type\":\"PropertyValueSpecification\",\"valueRequired\":true,\"valueName\":\"search_term_string\"}}],\"inLanguage\":\"fr-FR\"},{\"@type\":\"Organization\",\"@id\":\"https:\\\/\\\/www.sudvitrailmosaique.fr\\\/#organization\",\"name\":\"SUD VITRAIL MOSA\u00cfQUE\",\"url\":\"https:\\\/\\\/www.sudvitrailmosaique.fr\\\/\",\"logo\":{\"@type\":\"ImageObject\",\"inLanguage\":\"fr-FR\",\"@id\":\"https:\\\/\\\/www.sudvitrailmosaique.fr\\\/#\\\/schema\\\/logo\\\/image\\\/\",\"url\":\"https:\\\/\\\/www.sudvitrailmosaique.fr\\\/wp-content\\\/uploads\\\/2014\\\/01\\\/logo1.png\",\"contentUrl\":\"https:\\\/\\\/www.sudvitrailmosaique.fr\\\/wp-content\\\/uploads\\\/2014\\\/01\\\/logo1.png\",\"width\":120,\"height\":120,\"caption\":\"SUD VITRAIL MOSA\u00cfQUE\"},\"image\":{\"@id\":\"https:\\\/\\\/www.sudvitrailmosaique.fr\\\/#\\\/schema\\\/logo\\\/image\\\/\"},\"sameAs\":[\"https:\\\/\\\/www.facebook.com\\\/Sudvitrailmosaique\\\/\",\"https:\\\/\\\/www.pinterest.fr\\\/cjegauthier\\\/\",\"https:\\\/\\\/www.instagram.com\\\/sudvitrailmosaique\\\/\"]}]}<\/script>\n<!-- \/ Yoast SEO plugin. -->","yoast_head_json":{"title":"Lampe en Vitrail Tiffany - Noir et Rouge - Sud Vitrail Mosa\u00efque","description":"Lampe en Vitrail Tiffany de style contemporain avec des billes et galets en verre. Luminaires Atelier Sud Vitrail Mosa\u00efque en PACA SUD (83)","robots":{"index":"index","follow":"follow","max-snippet":"max-snippet:-1","max-image-preview":"max-image-preview:large","max-video-preview":"max-video-preview:-1"},"canonical":"https:\/\/www.sudvitrailmosaique.fr\/index.php\/produit\/lampe-vitrail-tiffany-contemporain-noir-et-rouge\/","og_locale":"fr_FR","og_type":"article","og_title":"Lampe en Vitrail Tiffany - Noir et Rouge - Sud Vitrail Mosa\u00efque","og_description":"Lampe en Vitrail Tiffany de style contemporain avec des billes et galets en verre. Luminaires Atelier Sud Vitrail Mosa\u00efque en PACA SUD (83)","og_url":"https:\/\/www.sudvitrailmosaique.fr\/index.php\/produit\/lampe-vitrail-tiffany-contemporain-noir-et-rouge\/","og_site_name":"Sud Vitrail Mosa\u00efque","article_publisher":"https:\/\/www.facebook.com\/Sudvitrailmosaique\/","article_modified_time":"2025-10-21T03:54:56+00:00","og_image":[{"width":600,"height":600,"url":"https:\/\/www.sudvitrailmosaique.fr\/wp-content\/uploads\/2022\/01\/Lampe-Vitrail-Rouge-Noir-Sudvitrailmosaique.jpg","type":"image\/jpeg"}],"twitter_misc":{"Dur\u00e9e de lecture estim\u00e9e":"1 minute"},"schema":{"@context":"https:\/\/schema.org","@graph":[{"@type":"WebPage","@id":"https:\/\/www.sudvitrailmosaique.fr\/index.php\/produit\/lampe-vitrail-tiffany-contemporain-noir-et-rouge\/","url":"https:\/\/www.sudvitrailmosaique.fr\/index.php\/produit\/lampe-vitrail-tiffany-contemporain-noir-et-rouge\/","name":"Lampe en Vitrail Tiffany - Noir et Rouge - Sud Vitrail Mosa\u00efque","isPartOf":{"@id":"https:\/\/www.sudvitrailmosaique.fr\/#website"},"primaryImageOfPage":{"@id":"https:\/\/www.sudvitrailmosaique.fr\/index.php\/produit\/lampe-vitrail-tiffany-contemporain-noir-et-rouge\/#primaryimage"},"image":{"@id":"https:\/\/www.sudvitrailmosaique.fr\/index.php\/produit\/lampe-vitrail-tiffany-contemporain-noir-et-rouge\/#primaryimage"},"thumbnailUrl":"https:\/\/www.sudvitrailmosaique.fr\/wp-content\/uploads\/2022\/01\/Lampe-Vitrail-Rouge-Noir-Sudvitrailmosaique.jpg","datePublished":"2022-01-25T10:42:02+00:00","dateModified":"2025-10-21T03:54:56+00:00","description":"Lampe en Vitrail Tiffany de style contemporain avec des billes et galets en verre. Luminaires Atelier Sud Vitrail Mosa\u00efque en PACA SUD (83)","breadcrumb":{"@id":"https:\/\/www.sudvitrailmosaique.fr\/index.php\/produit\/lampe-vitrail-tiffany-contemporain-noir-et-rouge\/#breadcrumb"},"inLanguage":"fr-FR","potentialAction":[{"@type":"ReadAction","target":["https:\/\/www.sudvitrailmosaique.fr\/index.php\/produit\/lampe-vitrail-tiffany-contemporain-noir-et-rouge\/"]}]},{"@type":"ImageObject","inLanguage":"fr-FR","@id":"https:\/\/www.sudvitrailmosaique.fr\/index.php\/produit\/lampe-vitrail-tiffany-contemporain-noir-et-rouge\/#primaryimage","url":"https:\/\/www.sudvitrailmosaique.fr\/wp-content\/uploads\/2022\/01\/Lampe-Vitrail-Rouge-Noir-Sudvitrailmosaique.jpg","contentUrl":"https:\/\/www.sudvitrailmosaique.fr\/wp-content\/uploads\/2022\/01\/Lampe-Vitrail-Rouge-Noir-Sudvitrailmosaique.jpg","width":600,"height":600,"caption":"Lampe en Vitrail Tiffany - Verre Rouge passion et verre Noir Baroque"},{"@type":"BreadcrumbList","@id":"https:\/\/www.sudvitrailmosaique.fr\/index.php\/produit\/lampe-vitrail-tiffany-contemporain-noir-et-rouge\/#breadcrumb","itemListElement":[{"@type":"ListItem","position":1,"name":"Accueil","item":"https:\/\/www.sudvitrailmosaique.fr\/"},{"@type":"ListItem","position":2,"name":"Boutique","item":"https:\/\/www.sudvitrailmosaique.fr\/index.php\/boutique\/"},{"@type":"ListItem","position":3,"name":"Collection Passion Rubis","item":"https:\/\/www.sudvitrailmosaique.fr\/index.php\/categorie-produit\/collection-passion-rubis-rouge\/"},{"@type":"ListItem","position":4,"name":"Lampe en vitrail Tiffany noir et rouge de style contemporain"}]},{"@type":"WebSite","@id":"https:\/\/www.sudvitrailmosaique.fr\/#website","url":"https:\/\/www.sudvitrailmosaique.fr\/","name":"Sud Vitrail Mosa\u00efque","description":"La magie du Vitrail et de la Mosa\u00efque \u00e0 Brignoles (83170) dans le Var","publisher":{"@id":"https:\/\/www.sudvitrailmosaique.fr\/#organization"},"potentialAction":[{"@type":"SearchAction","target":{"@type":"EntryPoint","urlTemplate":"https:\/\/www.sudvitrailmosaique.fr\/?s={search_term_string}"},"query-input":{"@type":"PropertyValueSpecification","valueRequired":true,"valueName":"search_term_string"}}],"inLanguage":"fr-FR"},{"@type":"Organization","@id":"https:\/\/www.sudvitrailmosaique.fr\/#organization","name":"SUD VITRAIL MOSA\u00cfQUE","url":"https:\/\/www.sudvitrailmosaique.fr\/","logo":{"@type":"ImageObject","inLanguage":"fr-FR","@id":"https:\/\/www.sudvitrailmosaique.fr\/#\/schema\/logo\/image\/","url":"https:\/\/www.sudvitrailmosaique.fr\/wp-content\/uploads\/2014\/01\/logo1.png","contentUrl":"https:\/\/www.sudvitrailmosaique.fr\/wp-content\/uploads\/2014\/01\/logo1.png","width":120,"height":120,"caption":"SUD VITRAIL MOSA\u00cfQUE"},"image":{"@id":"https:\/\/www.sudvitrailmosaique.fr\/#\/schema\/logo\/image\/"},"sameAs":["https:\/\/www.facebook.com\/Sudvitrailmosaique\/","https:\/\/www.pinterest.fr\/cjegauthier\/","https:\/\/www.instagram.com\/sudvitrailmosaique\/"]}]}},"_links":{"self":[{"href":"https:\/\/www.sudvitrailmosaique.fr\/index.php\/wp-json\/wp\/v2\/product\/4643","targetHints":{"allow":["GET"]}}],"collection":[{"href":"https:\/\/www.sudvitrailmosaique.fr\/index.php\/wp-json\/wp\/v2\/product"}],"about":[{"href":"https:\/\/www.sudvitrailmosaique.fr\/index.php\/wp-json\/wp\/v2\/types\/product"}],"replies":[{"embeddable":true,"href":"https:\/\/www.sudvitrailmosaique.fr\/index.php\/wp-json\/wp\/v2\/comments?post=4643"}],"version-history":[{"count":1,"href":"https:\/\/www.sudvitrailmosaique.fr\/index.php\/wp-json\/wp\/v2\/product\/4643\/revisions"}],"predecessor-version":[{"id":8884,"href":"https:\/\/www.sudvitrailmosaique.fr\/index.php\/wp-json\/wp\/v2\/product\/4643\/revisions\/8884"}],"wp:featuredmedia":[{"embeddable":true,"href":"https:\/\/www.sudvitrailmosaique.fr\/index.php\/wp-json\/wp\/v2\/media\/4644"}],"wp:attachment":[{"href":"https:\/\/www.sudvitrailmosaique.fr\/index.php\/wp-json\/wp\/v2\/media?parent=4643"}],"wp:term":[{"taxonomy":"product_brand","embeddable":true,"href":"https:\/\/www.sudvitrailmosaique.fr\/index.php\/wp-json\/wp\/v2\/product_brand?post=4643"},{"taxonomy":"product_cat","embeddable":true,"href":"https:\/\/www.sudvitrailmosaique.fr\/index.php\/wp-json\/wp\/v2\/product_cat?post=4643"},{"taxonomy":"product_tag","embeddable":true,"href":"https:\/\/www.sudvitrailmosaique.fr\/index.php\/wp-json\/wp\/v2\/product_tag?post=4643"},{"taxonomy":"giftcard-category","embeddable":true,"href":"https:\/\/www.sudvitrailmosaique.fr\/index.php\/wp-json\/wp\/v2\/giftcard-category?post=4643"}],"curies":[{"name":"wp","href":"https:\/\/api.w.org\/{rel}","templated":true}]}}