{"id":4191,"date":"2020-12-11T18:21:59","date_gmt":"2020-12-11T17:21:59","guid":{"rendered":"https:\/\/www.sudvitrailmosaique.fr\/?post_type=product&#038;p=4191"},"modified":"2026-01-22T07:11:43","modified_gmt":"2026-01-22T06:11:43","slug":"tableau-lumineux-en-vitrail-tiffany-banc-de-poissons-multicolores","status":"publish","type":"product","link":"https:\/\/www.sudvitrailmosaique.fr\/index.php\/produit\/tableau-lumineux-en-vitrail-tiffany-banc-de-poissons-multicolores\/","title":{"rendered":"Tableau lumineux en vitrail Tiffany &#8211; Banc de poissons multicolores"},"content":{"rendered":"<p><strong>Tableau lumineux \u00ab\u00a0Poissons multicolores\u00a0\u00bb<\/strong> : <strong>Cr\u00e9ation Sud Vitrail Mosa\u00efque en pi\u00e8ce unique<\/strong><\/p>\n<p>Vitrail Tiffany lumineux (cuivre et \u00e9tain).<br \/>\n\u00c9gayez votre int\u00e9rieur avec tous ces poissons color\u00e9s en vitrail ! \ud83d\ude42\u00a0 Vous prendrez plaisir \u00e0 regarder cet aquarium.<\/p>\n<p>Tableau lumineux en vitrail Tiffany mont\u00e9 sur un cadre en bois MDF noir et \u00e9clair\u00e9 par un ruban de led. avec son transformateur 12 V.<\/p>\n<p><strong>Dimensions :<\/strong><br \/>\n\u2013 Cadre hors tout : l 48 cm \u2013 h 28 cm environ \u2013 profondeur 5 cm environ<br \/>\n\u2013 Vitrail : l 25 cm \u2013 h 45 cm environ.<\/p>\n<p>Ce tableau est fait pour vous !<\/p>\n<p>Souhaitez-vous un vitrail qui s&rsquo;int\u00e8gre parfaitement dans votre int\u00e9rieur ?<br \/>\nPour vous, l&rsquo;Atelier Sud Vitrail Mosa\u00efque travaillera sur mesure. <a href=\"https:\/\/www.sudvitrailmosaique.fr\/index.php\/contact\/\" target=\"_blank\" rel=\"noopener noreferrer\">Contactez-moi<\/a><\/p>\n","protected":false},"excerpt":{"rendered":"<p>On dirait un aquarium, ce banc de poissons en vitrail !!! \ud83d\ude09<\/p>\n","protected":false},"featured_media":4194,"comment_status":"closed","ping_status":"closed","template":"","meta":{"ocean_post_layout":"","ocean_both_sidebars_style":"","ocean_both_sidebars_content_width":0,"ocean_both_sidebars_sidebars_width":0,"ocean_sidebar":"0","ocean_second_sidebar":"0","ocean_disable_margins":"enable","ocean_add_body_class":"","ocean_shortcode_before_top_bar":"","ocean_shortcode_after_top_bar":"","ocean_shortcode_before_header":"","ocean_shortcode_after_header":"","ocean_has_shortcode":"","ocean_shortcode_after_title":"","ocean_shortcode_before_footer_widgets":"","ocean_shortcode_after_footer_widgets":"","ocean_shortcode_before_footer_bottom":"","ocean_shortcode_after_footer_bottom":"","ocean_display_top_bar":"default","ocean_display_header":"default","ocean_header_style":"","ocean_center_header_left_menu":"0","ocean_custom_header_template":"0","ocean_custom_logo":0,"ocean_custom_retina_logo":0,"ocean_custom_logo_max_width":0,"ocean_custom_logo_tablet_max_width":0,"ocean_custom_logo_mobile_max_width":0,"ocean_custom_logo_max_height":0,"ocean_custom_logo_tablet_max_height":0,"ocean_custom_logo_mobile_max_height":0,"ocean_header_custom_menu":"0","ocean_menu_typo_font_family":"0","ocean_menu_typo_font_subset":"","ocean_menu_typo_font_size":0,"ocean_menu_typo_font_size_tablet":0,"ocean_menu_typo_font_size_mobile":0,"ocean_menu_typo_font_size_unit":"px","ocean_menu_typo_font_weight":"","ocean_menu_typo_font_weight_tablet":"","ocean_menu_typo_font_weight_mobile":"","ocean_menu_typo_transform":"","ocean_menu_typo_transform_tablet":"","ocean_menu_typo_transform_mobile":"","ocean_menu_typo_line_height":0,"ocean_menu_typo_line_height_tablet":0,"ocean_menu_typo_line_height_mobile":0,"ocean_menu_typo_line_height_unit":"","ocean_menu_typo_spacing":0,"ocean_menu_typo_spacing_tablet":0,"ocean_menu_typo_spacing_mobile":0,"ocean_menu_typo_spacing_unit":"","ocean_menu_link_color":"","ocean_menu_link_color_hover":"","ocean_menu_link_color_active":"","ocean_menu_link_background":"","ocean_menu_link_hover_background":"","ocean_menu_link_active_background":"","ocean_menu_social_links_bg":"","ocean_menu_social_hover_links_bg":"","ocean_menu_social_links_color":"","ocean_menu_social_hover_links_color":"","ocean_disable_title":"default","ocean_disable_heading":"default","ocean_post_title":"","ocean_post_subheading":"","ocean_post_title_style":"","ocean_post_title_background_color":"","ocean_post_title_background":0,"ocean_post_title_bg_image_position":"","ocean_post_title_bg_image_attachment":"","ocean_post_title_bg_image_repeat":"","ocean_post_title_bg_image_size":"","ocean_post_title_height":0,"ocean_post_title_bg_overlay":0.5,"ocean_post_title_bg_overlay_color":"","ocean_disable_breadcrumbs":"default","ocean_breadcrumbs_color":"","ocean_breadcrumbs_separator_color":"","ocean_breadcrumbs_links_color":"","ocean_breadcrumbs_links_hover_color":"","ocean_display_footer_widgets":"default","ocean_display_footer_bottom":"default","ocean_custom_footer_template":"0"},"product_brand":[],"product_cat":[149,109,38],"product_tag":[],"giftcard-category":[],"class_list":{"0":"post-4191","1":"product","2":"type-product","3":"status-publish","4":"has-post-thumbnail","6":"product_cat-collection-evasion-saphir-bleu","7":"product_cat-tableau-lumineux-vitrail-tiffany-contemporain","8":"product_cat-vitrail-tiffany-plomb","10":"entry","11":"has-media","13":"first","14":"instock","15":"sale","16":"shipping-taxable","17":"purchasable","18":"product-type-simple","19":"has-product-nav","20":"col","21":"span_1_of_4","22":"owp-content-center","23":"item-entry","24":"owp-thumbs-layout-horizontal","25":"owp-btn-very-big","26":"owp-tabs-layout-horizontal","28":"circle-sale"},"yoast_head":"<!-- This site is optimized with the Yoast SEO plugin v27.4 - https:\/\/yoast.com\/product\/yoast-seo-wordpress\/ -->\n<title>Tableau Lumineux - Vitrail Poissons - Sud Vitrail Mosa\u00efque<\/title>\n<meta name=\"description\" content=\"Tableau lumineux, comme un aquarium avec son banc de poissons multicolores en Vitrail . Cr\u00e9ation pi\u00e8ce unique - Brignoles (Var) en Sud PACA\" \/>\n<meta name=\"robots\" content=\"index, follow, max-snippet:-1, max-image-preview:large, max-video-preview:-1\" \/>\n<link rel=\"canonical\" href=\"https:\/\/www.sudvitrailmosaique.fr\/index.php\/produit\/tableau-lumineux-en-vitrail-tiffany-banc-de-poissons-multicolores\/\" \/>\n<meta property=\"og:locale\" content=\"fr_FR\" \/>\n<meta property=\"og:type\" content=\"article\" \/>\n<meta property=\"og:title\" content=\"Tableau Lumineux - Vitrail Poissons - Sud Vitrail Mosa\u00efque\" \/>\n<meta property=\"og:description\" content=\"Tableau lumineux, comme un aquarium avec son banc de poissons multicolores en Vitrail . Cr\u00e9ation pi\u00e8ce unique - Brignoles (Var) en Sud PACA\" \/>\n<meta property=\"og:url\" content=\"https:\/\/www.sudvitrailmosaique.fr\/index.php\/produit\/tableau-lumineux-en-vitrail-tiffany-banc-de-poissons-multicolores\/\" \/>\n<meta property=\"og:site_name\" content=\"Sud Vitrail Mosa\u00efque\" \/>\n<meta property=\"article:publisher\" content=\"https:\/\/www.facebook.com\/Sudvitrailmosaique\/\" \/>\n<meta property=\"article:modified_time\" content=\"2026-01-22T06:11:43+00:00\" \/>\n<meta property=\"og:image\" content=\"https:\/\/www.sudvitrailmosaique.fr\/wp-content\/uploads\/2020\/12\/Tableau-Lumineux-Vitrail-Tiffany-Poisson-Detail-Sudvitrailmosaique.jpg\" \/>\n\t<meta property=\"og:image:width\" content=\"600\" \/>\n\t<meta property=\"og:image:height\" content=\"600\" \/>\n\t<meta property=\"og:image:type\" content=\"image\/jpeg\" \/>\n<meta name=\"twitter:label1\" content=\"Dur\u00e9e de lecture estim\u00e9e\" \/>\n\t<meta name=\"twitter:data1\" content=\"1 minute\" \/>\n<script type=\"application\/ld+json\" class=\"yoast-schema-graph\">{\"@context\":\"https:\\\/\\\/schema.org\",\"@graph\":[{\"@type\":\"WebPage\",\"@id\":\"https:\\\/\\\/www.sudvitrailmosaique.fr\\\/index.php\\\/produit\\\/tableau-lumineux-en-vitrail-tiffany-banc-de-poissons-multicolores\\\/\",\"url\":\"https:\\\/\\\/www.sudvitrailmosaique.fr\\\/index.php\\\/produit\\\/tableau-lumineux-en-vitrail-tiffany-banc-de-poissons-multicolores\\\/\",\"name\":\"Tableau Lumineux - Vitrail Poissons - Sud Vitrail Mosa\u00efque\",\"isPartOf\":{\"@id\":\"https:\\\/\\\/www.sudvitrailmosaique.fr\\\/#website\"},\"primaryImageOfPage\":{\"@id\":\"https:\\\/\\\/www.sudvitrailmosaique.fr\\\/index.php\\\/produit\\\/tableau-lumineux-en-vitrail-tiffany-banc-de-poissons-multicolores\\\/#primaryimage\"},\"image\":{\"@id\":\"https:\\\/\\\/www.sudvitrailmosaique.fr\\\/index.php\\\/produit\\\/tableau-lumineux-en-vitrail-tiffany-banc-de-poissons-multicolores\\\/#primaryimage\"},\"thumbnailUrl\":\"https:\\\/\\\/www.sudvitrailmosaique.fr\\\/wp-content\\\/uploads\\\/2020\\\/12\\\/Tableau-Lumineux-Vitrail-Tiffany-Poisson-Detail-Sudvitrailmosaique.jpg\",\"datePublished\":\"2020-12-11T17:21:59+00:00\",\"dateModified\":\"2026-01-22T06:11:43+00:00\",\"description\":\"Tableau lumineux, comme un aquarium avec son banc de poissons multicolores en Vitrail . Cr\u00e9ation pi\u00e8ce unique - Brignoles (Var) en Sud PACA\",\"breadcrumb\":{\"@id\":\"https:\\\/\\\/www.sudvitrailmosaique.fr\\\/index.php\\\/produit\\\/tableau-lumineux-en-vitrail-tiffany-banc-de-poissons-multicolores\\\/#breadcrumb\"},\"inLanguage\":\"fr-FR\",\"potentialAction\":[{\"@type\":\"ReadAction\",\"target\":[\"https:\\\/\\\/www.sudvitrailmosaique.fr\\\/index.php\\\/produit\\\/tableau-lumineux-en-vitrail-tiffany-banc-de-poissons-multicolores\\\/\"]}]},{\"@type\":\"ImageObject\",\"inLanguage\":\"fr-FR\",\"@id\":\"https:\\\/\\\/www.sudvitrailmosaique.fr\\\/index.php\\\/produit\\\/tableau-lumineux-en-vitrail-tiffany-banc-de-poissons-multicolores\\\/#primaryimage\",\"url\":\"https:\\\/\\\/www.sudvitrailmosaique.fr\\\/wp-content\\\/uploads\\\/2020\\\/12\\\/Tableau-Lumineux-Vitrail-Tiffany-Poisson-Detail-Sudvitrailmosaique.jpg\",\"contentUrl\":\"https:\\\/\\\/www.sudvitrailmosaique.fr\\\/wp-content\\\/uploads\\\/2020\\\/12\\\/Tableau-Lumineux-Vitrail-Tiffany-Poisson-Detail-Sudvitrailmosaique.jpg\",\"width\":600,\"height\":600,\"caption\":\"Tableau Lumineux en Vitrail Tiffany - Poissons D\u00e9tail - Sud Vitrail Mosaique\"},{\"@type\":\"BreadcrumbList\",\"@id\":\"https:\\\/\\\/www.sudvitrailmosaique.fr\\\/index.php\\\/produit\\\/tableau-lumineux-en-vitrail-tiffany-banc-de-poissons-multicolores\\\/#breadcrumb\",\"itemListElement\":[{\"@type\":\"ListItem\",\"position\":1,\"name\":\"Accueil\",\"item\":\"https:\\\/\\\/www.sudvitrailmosaique.fr\\\/\"},{\"@type\":\"ListItem\",\"position\":2,\"name\":\"Boutique\",\"item\":\"https:\\\/\\\/www.sudvitrailmosaique.fr\\\/index.php\\\/boutique\\\/\"},{\"@type\":\"ListItem\",\"position\":3,\"name\":\"Collection Evasion Saphir\",\"item\":\"https:\\\/\\\/www.sudvitrailmosaique.fr\\\/index.php\\\/categorie-produit\\\/collection-evasion-saphir-bleu\\\/\"},{\"@type\":\"ListItem\",\"position\":4,\"name\":\"Tableau lumineux en vitrail Tiffany &#8211; Banc de poissons multicolores\"}]},{\"@type\":\"WebSite\",\"@id\":\"https:\\\/\\\/www.sudvitrailmosaique.fr\\\/#website\",\"url\":\"https:\\\/\\\/www.sudvitrailmosaique.fr\\\/\",\"name\":\"Sud Vitrail Mosa\u00efque\",\"description\":\"La magie du Vitrail et de la Mosa\u00efque \u00e0 Brignoles (83170) dans le Var\",\"publisher\":{\"@id\":\"https:\\\/\\\/www.sudvitrailmosaique.fr\\\/#organization\"},\"potentialAction\":[{\"@type\":\"SearchAction\",\"target\":{\"@type\":\"EntryPoint\",\"urlTemplate\":\"https:\\\/\\\/www.sudvitrailmosaique.fr\\\/?s={search_term_string}\"},\"query-input\":{\"@type\":\"PropertyValueSpecification\",\"valueRequired\":true,\"valueName\":\"search_term_string\"}}],\"inLanguage\":\"fr-FR\"},{\"@type\":\"Organization\",\"@id\":\"https:\\\/\\\/www.sudvitrailmosaique.fr\\\/#organization\",\"name\":\"SUD VITRAIL MOSA\u00cfQUE\",\"url\":\"https:\\\/\\\/www.sudvitrailmosaique.fr\\\/\",\"logo\":{\"@type\":\"ImageObject\",\"inLanguage\":\"fr-FR\",\"@id\":\"https:\\\/\\\/www.sudvitrailmosaique.fr\\\/#\\\/schema\\\/logo\\\/image\\\/\",\"url\":\"https:\\\/\\\/www.sudvitrailmosaique.fr\\\/wp-content\\\/uploads\\\/2014\\\/01\\\/logo1.png\",\"contentUrl\":\"https:\\\/\\\/www.sudvitrailmosaique.fr\\\/wp-content\\\/uploads\\\/2014\\\/01\\\/logo1.png\",\"width\":120,\"height\":120,\"caption\":\"SUD VITRAIL MOSA\u00cfQUE\"},\"image\":{\"@id\":\"https:\\\/\\\/www.sudvitrailmosaique.fr\\\/#\\\/schema\\\/logo\\\/image\\\/\"},\"sameAs\":[\"https:\\\/\\\/www.facebook.com\\\/Sudvitrailmosaique\\\/\",\"https:\\\/\\\/www.pinterest.fr\\\/cjegauthier\\\/\",\"https:\\\/\\\/www.instagram.com\\\/sudvitrailmosaique\\\/\"]}]}<\/script>\n<!-- \/ Yoast SEO plugin. -->","yoast_head_json":{"title":"Tableau Lumineux - Vitrail Poissons - Sud Vitrail Mosa\u00efque","description":"Tableau lumineux, comme un aquarium avec son banc de poissons multicolores en Vitrail . Cr\u00e9ation pi\u00e8ce unique - Brignoles (Var) en Sud PACA","robots":{"index":"index","follow":"follow","max-snippet":"max-snippet:-1","max-image-preview":"max-image-preview:large","max-video-preview":"max-video-preview:-1"},"canonical":"https:\/\/www.sudvitrailmosaique.fr\/index.php\/produit\/tableau-lumineux-en-vitrail-tiffany-banc-de-poissons-multicolores\/","og_locale":"fr_FR","og_type":"article","og_title":"Tableau Lumineux - Vitrail Poissons - Sud Vitrail Mosa\u00efque","og_description":"Tableau lumineux, comme un aquarium avec son banc de poissons multicolores en Vitrail . Cr\u00e9ation pi\u00e8ce unique - Brignoles (Var) en Sud PACA","og_url":"https:\/\/www.sudvitrailmosaique.fr\/index.php\/produit\/tableau-lumineux-en-vitrail-tiffany-banc-de-poissons-multicolores\/","og_site_name":"Sud Vitrail Mosa\u00efque","article_publisher":"https:\/\/www.facebook.com\/Sudvitrailmosaique\/","article_modified_time":"2026-01-22T06:11:43+00:00","og_image":[{"width":600,"height":600,"url":"https:\/\/www.sudvitrailmosaique.fr\/wp-content\/uploads\/2020\/12\/Tableau-Lumineux-Vitrail-Tiffany-Poisson-Detail-Sudvitrailmosaique.jpg","type":"image\/jpeg"}],"twitter_misc":{"Dur\u00e9e de lecture estim\u00e9e":"1 minute"},"schema":{"@context":"https:\/\/schema.org","@graph":[{"@type":"WebPage","@id":"https:\/\/www.sudvitrailmosaique.fr\/index.php\/produit\/tableau-lumineux-en-vitrail-tiffany-banc-de-poissons-multicolores\/","url":"https:\/\/www.sudvitrailmosaique.fr\/index.php\/produit\/tableau-lumineux-en-vitrail-tiffany-banc-de-poissons-multicolores\/","name":"Tableau Lumineux - Vitrail Poissons - Sud Vitrail Mosa\u00efque","isPartOf":{"@id":"https:\/\/www.sudvitrailmosaique.fr\/#website"},"primaryImageOfPage":{"@id":"https:\/\/www.sudvitrailmosaique.fr\/index.php\/produit\/tableau-lumineux-en-vitrail-tiffany-banc-de-poissons-multicolores\/#primaryimage"},"image":{"@id":"https:\/\/www.sudvitrailmosaique.fr\/index.php\/produit\/tableau-lumineux-en-vitrail-tiffany-banc-de-poissons-multicolores\/#primaryimage"},"thumbnailUrl":"https:\/\/www.sudvitrailmosaique.fr\/wp-content\/uploads\/2020\/12\/Tableau-Lumineux-Vitrail-Tiffany-Poisson-Detail-Sudvitrailmosaique.jpg","datePublished":"2020-12-11T17:21:59+00:00","dateModified":"2026-01-22T06:11:43+00:00","description":"Tableau lumineux, comme un aquarium avec son banc de poissons multicolores en Vitrail . Cr\u00e9ation pi\u00e8ce unique - Brignoles (Var) en Sud PACA","breadcrumb":{"@id":"https:\/\/www.sudvitrailmosaique.fr\/index.php\/produit\/tableau-lumineux-en-vitrail-tiffany-banc-de-poissons-multicolores\/#breadcrumb"},"inLanguage":"fr-FR","potentialAction":[{"@type":"ReadAction","target":["https:\/\/www.sudvitrailmosaique.fr\/index.php\/produit\/tableau-lumineux-en-vitrail-tiffany-banc-de-poissons-multicolores\/"]}]},{"@type":"ImageObject","inLanguage":"fr-FR","@id":"https:\/\/www.sudvitrailmosaique.fr\/index.php\/produit\/tableau-lumineux-en-vitrail-tiffany-banc-de-poissons-multicolores\/#primaryimage","url":"https:\/\/www.sudvitrailmosaique.fr\/wp-content\/uploads\/2020\/12\/Tableau-Lumineux-Vitrail-Tiffany-Poisson-Detail-Sudvitrailmosaique.jpg","contentUrl":"https:\/\/www.sudvitrailmosaique.fr\/wp-content\/uploads\/2020\/12\/Tableau-Lumineux-Vitrail-Tiffany-Poisson-Detail-Sudvitrailmosaique.jpg","width":600,"height":600,"caption":"Tableau Lumineux en Vitrail Tiffany - Poissons D\u00e9tail - Sud Vitrail Mosaique"},{"@type":"BreadcrumbList","@id":"https:\/\/www.sudvitrailmosaique.fr\/index.php\/produit\/tableau-lumineux-en-vitrail-tiffany-banc-de-poissons-multicolores\/#breadcrumb","itemListElement":[{"@type":"ListItem","position":1,"name":"Accueil","item":"https:\/\/www.sudvitrailmosaique.fr\/"},{"@type":"ListItem","position":2,"name":"Boutique","item":"https:\/\/www.sudvitrailmosaique.fr\/index.php\/boutique\/"},{"@type":"ListItem","position":3,"name":"Collection Evasion Saphir","item":"https:\/\/www.sudvitrailmosaique.fr\/index.php\/categorie-produit\/collection-evasion-saphir-bleu\/"},{"@type":"ListItem","position":4,"name":"Tableau lumineux en vitrail Tiffany &#8211; Banc de poissons multicolores"}]},{"@type":"WebSite","@id":"https:\/\/www.sudvitrailmosaique.fr\/#website","url":"https:\/\/www.sudvitrailmosaique.fr\/","name":"Sud Vitrail Mosa\u00efque","description":"La magie du Vitrail et de la Mosa\u00efque \u00e0 Brignoles (83170) dans le Var","publisher":{"@id":"https:\/\/www.sudvitrailmosaique.fr\/#organization"},"potentialAction":[{"@type":"SearchAction","target":{"@type":"EntryPoint","urlTemplate":"https:\/\/www.sudvitrailmosaique.fr\/?s={search_term_string}"},"query-input":{"@type":"PropertyValueSpecification","valueRequired":true,"valueName":"search_term_string"}}],"inLanguage":"fr-FR"},{"@type":"Organization","@id":"https:\/\/www.sudvitrailmosaique.fr\/#organization","name":"SUD VITRAIL MOSA\u00cfQUE","url":"https:\/\/www.sudvitrailmosaique.fr\/","logo":{"@type":"ImageObject","inLanguage":"fr-FR","@id":"https:\/\/www.sudvitrailmosaique.fr\/#\/schema\/logo\/image\/","url":"https:\/\/www.sudvitrailmosaique.fr\/wp-content\/uploads\/2014\/01\/logo1.png","contentUrl":"https:\/\/www.sudvitrailmosaique.fr\/wp-content\/uploads\/2014\/01\/logo1.png","width":120,"height":120,"caption":"SUD VITRAIL MOSA\u00cfQUE"},"image":{"@id":"https:\/\/www.sudvitrailmosaique.fr\/#\/schema\/logo\/image\/"},"sameAs":["https:\/\/www.facebook.com\/Sudvitrailmosaique\/","https:\/\/www.pinterest.fr\/cjegauthier\/","https:\/\/www.instagram.com\/sudvitrailmosaique\/"]}]}},"_links":{"self":[{"href":"https:\/\/www.sudvitrailmosaique.fr\/index.php\/wp-json\/wp\/v2\/product\/4191","targetHints":{"allow":["GET"]}}],"collection":[{"href":"https:\/\/www.sudvitrailmosaique.fr\/index.php\/wp-json\/wp\/v2\/product"}],"about":[{"href":"https:\/\/www.sudvitrailmosaique.fr\/index.php\/wp-json\/wp\/v2\/types\/product"}],"replies":[{"embeddable":true,"href":"https:\/\/www.sudvitrailmosaique.fr\/index.php\/wp-json\/wp\/v2\/comments?post=4191"}],"version-history":[{"count":1,"href":"https:\/\/www.sudvitrailmosaique.fr\/index.php\/wp-json\/wp\/v2\/product\/4191\/revisions"}],"predecessor-version":[{"id":8904,"href":"https:\/\/www.sudvitrailmosaique.fr\/index.php\/wp-json\/wp\/v2\/product\/4191\/revisions\/8904"}],"wp:featuredmedia":[{"embeddable":true,"href":"https:\/\/www.sudvitrailmosaique.fr\/index.php\/wp-json\/wp\/v2\/media\/4194"}],"wp:attachment":[{"href":"https:\/\/www.sudvitrailmosaique.fr\/index.php\/wp-json\/wp\/v2\/media?parent=4191"}],"wp:term":[{"taxonomy":"product_brand","embeddable":true,"href":"https:\/\/www.sudvitrailmosaique.fr\/index.php\/wp-json\/wp\/v2\/product_brand?post=4191"},{"taxonomy":"product_cat","embeddable":true,"href":"https:\/\/www.sudvitrailmosaique.fr\/index.php\/wp-json\/wp\/v2\/product_cat?post=4191"},{"taxonomy":"product_tag","embeddable":true,"href":"https:\/\/www.sudvitrailmosaique.fr\/index.php\/wp-json\/wp\/v2\/product_tag?post=4191"},{"taxonomy":"giftcard-category","embeddable":true,"href":"https:\/\/www.sudvitrailmosaique.fr\/index.php\/wp-json\/wp\/v2\/giftcard-category?post=4191"}],"curies":[{"name":"wp","href":"https:\/\/api.w.org\/{rel}","templated":true}]}}