{"id":82,"date":"2009-12-11T14:40:28","date_gmt":"2009-12-11T13:40:28","guid":{"rendered":"http:\/\/www.sudvitrailmosaique.fr\/index.php?page_id=82"},"modified":"2022-07-26T06:51:53","modified_gmt":"2022-07-26T05:51:53","slug":"provence-verte-brignoles-83170-var","status":"publish","type":"page","link":"https:\/\/www.sudvitrailmosaique.fr\/index.php\/provence-verte-brignoles-83170-var\/","title":{"rendered":"Provence Verte &#8211; Brignoles 83170 (Var)"},"content":{"rendered":"<h3>D\u00e9couverte de la Provence Verte<\/h3>\n<div id=\"photoflot\">\n<p>&nbsp;<\/p>\n<figure id=\"attachment_2537\" aria-describedby=\"caption-attachment-2537\" style=\"width: 950px\" class=\"wp-caption aligncenter\"><img fetchpriority=\"high\" decoding=\"async\" class=\"size-full wp-image-2537\" src=\"https:\/\/www.sudvitrailmosaique.fr\/wp-content\/uploads\/2018\/01\/Les-couleurs-de-la-Provence.jpg\" alt=\"Les couleurs de la Provence\" width=\"950\" height=\"633\" srcset=\"https:\/\/www.sudvitrailmosaique.fr\/wp-content\/uploads\/2018\/01\/Les-couleurs-de-la-Provence.jpg 950w, https:\/\/www.sudvitrailmosaique.fr\/wp-content\/uploads\/2018\/01\/Les-couleurs-de-la-Provence-600x400.jpg 600w, https:\/\/www.sudvitrailmosaique.fr\/wp-content\/uploads\/2018\/01\/Les-couleurs-de-la-Provence-500x333.jpg 500w, https:\/\/www.sudvitrailmosaique.fr\/wp-content\/uploads\/2018\/01\/Les-couleurs-de-la-Provence-768x512.jpg 768w\" sizes=\"(max-width: 950px) 100vw, 950px\" \/><figcaption id=\"caption-attachment-2537\" class=\"wp-caption-text\">Les couleurs de la Provence<\/figcaption><\/figure>\n<p style=\"text-align: justify;\">Connue depuis l&rsquo;antiquit\u00e9 pour son climat, cette oasis de v\u00e9g\u00e9tation est baign\u00e9e par le soleil 300 jours par an. Ici, paysages sauvages et patrimoine proven\u00e7al se m\u00ealent intimement.<\/p>\n<\/div>\n<p style=\"text-align: justify;\">Situ\u00e9 \u00e0 25 km de la mer, \u00e0 30 km du Verdon et au coeur du d\u00e9partement du Var, la Provence Verte b\u00e9n\u00e9ficie d&rsquo;une diversit\u00e9 de paysages exceptionnels o\u00f9 vous trouverez, le calme et l&rsquo;authenticit\u00e9 d&rsquo;une vraie vie proven\u00e7ale.<\/p>\n<h3 style=\"text-align: left;\">37 communes, toutes uniques, composent ce paysage m\u00e9diterran\u00e9en de la Provence Verte<\/h3>\n<p style=\"text-align: justify;\">Les unes marqu\u00e9es par les sources, les rivi\u00e8res et le fleuve du Var l&rsquo;Argens, les autres par les for\u00eats odorantes, les vallons et les paysages sauvages.<\/p>\n<h3>La Provence c\u00f4t\u00e9 culture<\/h3>\n<p>&nbsp;<\/p>\n<figure id=\"attachment_2536\" aria-describedby=\"caption-attachment-2536\" style=\"width: 700px\" class=\"wp-caption aligncenter\"><img decoding=\"async\" class=\"size-full wp-image-2536\" src=\"https:\/\/www.sudvitrailmosaique.fr\/wp-content\/uploads\/2018\/01\/abbaye-de-la-celle.jpg\" alt=\"Abbaye de la Celle\" width=\"700\" height=\"390\" srcset=\"https:\/\/www.sudvitrailmosaique.fr\/wp-content\/uploads\/2018\/01\/abbaye-de-la-celle.jpg 700w, https:\/\/www.sudvitrailmosaique.fr\/wp-content\/uploads\/2018\/01\/abbaye-de-la-celle-600x334.jpg 600w, https:\/\/www.sudvitrailmosaique.fr\/wp-content\/uploads\/2018\/01\/abbaye-de-la-celle-500x279.jpg 500w\" sizes=\"(max-width: 700px) 100vw, 700px\" \/><figcaption id=\"caption-attachment-2536\" class=\"wp-caption-text\">Abbaye de la Celle<\/figcaption><\/figure>\n<p style=\"text-align: justify;\">Terre ancestrale des seigneurs de Provence, la Provence Verte poss\u00e8de un h\u00e9ritage patrimonial remarquable. Abbayes, bastides, ch\u00e2teaux, paysages de restanques et de vignes vous attendent sur les chemins de la d\u00e9couverte.<\/p>\n<p>Consciente de sa richesse culturelle, un tourisme culturel s&rsquo;est d\u00e9velopp\u00e9, orient\u00e9 sur le patrimoine, l&rsquo;architecture, l&rsquo;histoire locale mais aussi sur l&rsquo;art ancien et contemporain.<\/p>\n<p style=\"text-align: justify;\">Tout au long de l&rsquo;ann\u00e9e, les festivals de musique, manifestations traditionnelles et foires artisanales, animeront votre s\u00e9jour.<\/p>\n<h3>Balade \u00e0 Brignoles<\/h3>\n<p style=\"text-align: justify;\">Ancienne capitale des Comtes de Provence, Brignoles est situ\u00e9e sur l&rsquo;antique voie aur\u00e9lienne qui reliait l&rsquo;espagne \u00e0 l&rsquo;Italie. Brignoles est une grande agglom\u00e9ration fort ancienne (15 000 habitants environ sur une superficie de 70 km\u00b2). Au XVIe si\u00e8cle, Brignoles doit sa renomm\u00e9e \u00e0 un fruit, la pistole une prune de Brignoles tr\u00e8s appr\u00e9ci\u00e9e de Fran\u00e7ois Ier. Son nom viendrait vraisemblablement de Prune (Brinonia). Depuis 2004 chaque ann\u00e9e \u00e0 la fin de l&rsquo;\u00e9t\u00e9 Brignoles f\u00eate sa prune.<\/p>\n<figure id=\"attachment_2535\" aria-describedby=\"caption-attachment-2535\" style=\"width: 1024px\" class=\"wp-caption aligncenter\"><img decoding=\"async\" class=\"size-full wp-image-2535\" src=\"https:\/\/www.sudvitrailmosaique.fr\/wp-content\/uploads\/2018\/01\/Brignoles_Place-Caramy.jpg\" alt=\"Brignoles -Place Caramy\" width=\"1024\" height=\"682\" srcset=\"https:\/\/www.sudvitrailmosaique.fr\/wp-content\/uploads\/2018\/01\/Brignoles_Place-Caramy.jpg 1024w, https:\/\/www.sudvitrailmosaique.fr\/wp-content\/uploads\/2018\/01\/Brignoles_Place-Caramy-600x400.jpg 600w, https:\/\/www.sudvitrailmosaique.fr\/wp-content\/uploads\/2018\/01\/Brignoles_Place-Caramy-500x333.jpg 500w, https:\/\/www.sudvitrailmosaique.fr\/wp-content\/uploads\/2018\/01\/Brignoles_Place-Caramy-768x512.jpg 768w\" sizes=\"(max-width: 1024px) 100vw, 1024px\" \/><figcaption id=\"caption-attachment-2535\" class=\"wp-caption-text\">Brignoles -Place Caramy<\/figcaption><\/figure>\n<p>&nbsp;<\/p>\n<p style=\"text-align: justify;\">Brignoles, \u00ab\u00a0ville \u00e0 la campagne\u00a0\u00bb est en fait tr\u00e8s proche des grands axes de communication et de transports, A\u00e9roport de Toulon-Hy\u00e8res \u00e0 30 mn, gare de Toulon \u00e0 30 mn, acc\u00e8s \u00e0 l&rsquo;Autoroute A8. Situation g\u00e9ographique strat\u00e9gique, puisqu&rsquo;\u00e0 mi-chemin entre Marseille et Nice, c&rsquo;est \u00e9galement un centre touristique de choix pour rayonner dans toute la R\u00e9gion Provence Alpes C\u00f4te d&rsquo;Azur.<\/p>\n<figure id=\"attachment_2538\" aria-describedby=\"caption-attachment-2538\" style=\"width: 600px\" class=\"wp-caption aligncenter\"><img loading=\"lazy\" decoding=\"async\" class=\"size-full wp-image-2538\" src=\"https:\/\/www.sudvitrailmosaique.fr\/wp-content\/uploads\/2018\/01\/Provence-sentier-randonnee.jpg\" alt=\"Provence : sentier de randonn\u00e9e\" width=\"600\" height=\"800\" srcset=\"https:\/\/www.sudvitrailmosaique.fr\/wp-content\/uploads\/2018\/01\/Provence-sentier-randonnee.jpg 600w, https:\/\/www.sudvitrailmosaique.fr\/wp-content\/uploads\/2018\/01\/Provence-sentier-randonnee-375x500.jpg 375w\" sizes=\"(max-width: 600px) 100vw, 600px\" \/><figcaption id=\"caption-attachment-2538\" class=\"wp-caption-text\">Provence : sentier de randonn\u00e9e<\/figcaption><\/figure>\n<div id=\"photoflot\">\n<p>&nbsp;<\/p>\n<p style=\"text-align: justify;\">Le site de la <a href=\"https:\/\/www.la-provence-verte.net\/index.php\">Provence Verte<\/a>, vous permet de combiner agr\u00e9ablement votre formation et la d\u00e9couverte d&rsquo;une r\u00e9gion magnifique proposant de nombreuses activit\u00e9s sportives et culturelles : randonn\u00e9es (p\u00e9destres,VTT), golf, tennis, foires artisanales (rencontre avec les artisans locaux), march\u00e9s proven\u00e7aux (d\u00e9couverte des produits r\u00e9gionaux)&#8230;<\/p>\n<\/div>\n","protected":false},"excerpt":{"rendered":"<p>D\u00e9couverte de la Provence Verte &nbsp; Connue depuis l&rsquo;antiquit\u00e9 pour son climat, cette oasis de v\u00e9g\u00e9tation est baign\u00e9e par le soleil 300 jours par an. Ici, paysages sauvages et patrimoine proven\u00e7al se m\u00ealent intimement. Situ\u00e9 \u00e0 25 km de la mer, \u00e0 30 km du Verdon et au coeur du d\u00e9partement du Var, la Provence [&hellip;]<\/p>\n","protected":false},"author":5,"featured_media":0,"parent":0,"menu_order":7,"comment_status":"closed","ping_status":"closed","template":"","meta":{"ocean_post_layout":"","ocean_both_sidebars_style":"","ocean_both_sidebars_content_width":0,"ocean_both_sidebars_sidebars_width":0,"ocean_sidebar":"0","ocean_second_sidebar":"0","ocean_disable_margins":"enable","ocean_add_body_class":"","ocean_shortcode_before_top_bar":"","ocean_shortcode_after_top_bar":"","ocean_shortcode_before_header":"","ocean_shortcode_after_header":"","ocean_has_shortcode":"","ocean_shortcode_after_title":"","ocean_shortcode_before_footer_widgets":"","ocean_shortcode_after_footer_widgets":"","ocean_shortcode_before_footer_bottom":"","ocean_shortcode_after_footer_bottom":"","ocean_display_top_bar":"default","ocean_display_header":"default","ocean_header_style":"","ocean_center_header_left_menu":"0","ocean_custom_header_template":"0","ocean_custom_logo":0,"ocean_custom_retina_logo":0,"ocean_custom_logo_max_width":0,"ocean_custom_logo_tablet_max_width":0,"ocean_custom_logo_mobile_max_width":0,"ocean_custom_logo_max_height":0,"ocean_custom_logo_tablet_max_height":0,"ocean_custom_logo_mobile_max_height":0,"ocean_header_custom_menu":"0","ocean_menu_typo_font_family":"0","ocean_menu_typo_font_subset":"","ocean_menu_typo_font_size":0,"ocean_menu_typo_font_size_tablet":0,"ocean_menu_typo_font_size_mobile":0,"ocean_menu_typo_font_size_unit":"px","ocean_menu_typo_font_weight":"","ocean_menu_typo_font_weight_tablet":"","ocean_menu_typo_font_weight_mobile":"","ocean_menu_typo_transform":"","ocean_menu_typo_transform_tablet":"","ocean_menu_typo_transform_mobile":"","ocean_menu_typo_line_height":0,"ocean_menu_typo_line_height_tablet":0,"ocean_menu_typo_line_height_mobile":0,"ocean_menu_typo_line_height_unit":"","ocean_menu_typo_spacing":0,"ocean_menu_typo_spacing_tablet":0,"ocean_menu_typo_spacing_mobile":0,"ocean_menu_typo_spacing_unit":"","ocean_menu_link_color":"","ocean_menu_link_color_hover":"","ocean_menu_link_color_active":"","ocean_menu_link_background":"","ocean_menu_link_hover_background":"","ocean_menu_link_active_background":"","ocean_menu_social_links_bg":"","ocean_menu_social_hover_links_bg":"","ocean_menu_social_links_color":"","ocean_menu_social_hover_links_color":"","ocean_disable_title":"default","ocean_disable_heading":"default","ocean_post_title":"","ocean_post_subheading":"","ocean_post_title_style":"","ocean_post_title_background_color":"","ocean_post_title_background":0,"ocean_post_title_bg_image_position":"","ocean_post_title_bg_image_attachment":"","ocean_post_title_bg_image_repeat":"","ocean_post_title_bg_image_size":"","ocean_post_title_height":0,"ocean_post_title_bg_overlay":0.5,"ocean_post_title_bg_overlay_color":"","ocean_disable_breadcrumbs":"default","ocean_breadcrumbs_color":"","ocean_breadcrumbs_separator_color":"","ocean_breadcrumbs_links_color":"","ocean_breadcrumbs_links_hover_color":"","ocean_display_footer_widgets":"default","ocean_display_footer_bottom":"default","ocean_custom_footer_template":"0","footnotes":""},"class_list":["post-82","page","type-page","status-publish","hentry","entry","owp-thumbs-layout-horizontal","owp-btn-very-big","owp-tabs-layout-horizontal","has-no-thumbnails","has-product-nav","circle-sale"],"yoast_head":"<!-- This site is optimized with the Yoast SEO plugin v27.4 - https:\/\/yoast.com\/product\/yoast-seo-wordpress\/ -->\n<title>Provence Verte - Brignoles 83170 (Var) - Sud Vitrail Mosa\u00efque<\/title>\n<meta name=\"description\" content=\"D\u00e9couverte de la Provence Verte Connue depuis l&#039;antiquit\u00e9 pour son climat, cette oasis de v\u00e9g\u00e9tation est baign\u00e9e par le soleil 300 jours par an.\" \/>\n<meta name=\"robots\" content=\"index, follow, max-snippet:-1, max-image-preview:large, max-video-preview:-1\" \/>\n<link rel=\"canonical\" href=\"https:\/\/www.sudvitrailmosaique.fr\/index.php\/provence-verte-brignoles-83170-var\/\" \/>\n<meta property=\"og:locale\" content=\"fr_FR\" \/>\n<meta property=\"og:type\" content=\"article\" \/>\n<meta property=\"og:title\" content=\"Provence Verte - Brignoles 83170 (Var) - Sud Vitrail Mosa\u00efque\" \/>\n<meta property=\"og:description\" content=\"D\u00e9couverte de la Provence Verte Connue depuis l&#039;antiquit\u00e9 pour son climat, cette oasis de v\u00e9g\u00e9tation est baign\u00e9e par le soleil 300 jours par an.\" \/>\n<meta property=\"og:url\" content=\"https:\/\/www.sudvitrailmosaique.fr\/index.php\/provence-verte-brignoles-83170-var\/\" \/>\n<meta property=\"og:site_name\" content=\"Sud Vitrail Mosa\u00efque\" \/>\n<meta property=\"article:publisher\" content=\"https:\/\/www.facebook.com\/Sudvitrailmosaique\/\" \/>\n<meta property=\"article:modified_time\" content=\"2022-07-26T05:51:53+00:00\" \/>\n<meta property=\"og:image\" content=\"https:\/\/www.sudvitrailmosaique.fr\/wp-content\/uploads\/2018\/01\/Les-couleurs-de-la-Provence.jpg\" \/>\n<meta name=\"twitter:label1\" content=\"Dur\u00e9e de lecture estim\u00e9e\" \/>\n\t<meta name=\"twitter:data1\" content=\"3 minutes\" \/>\n<script type=\"application\/ld+json\" class=\"yoast-schema-graph\">{\"@context\":\"https:\\\/\\\/schema.org\",\"@graph\":[{\"@type\":\"WebPage\",\"@id\":\"https:\\\/\\\/www.sudvitrailmosaique.fr\\\/index.php\\\/provence-verte-brignoles-83170-var\\\/\",\"url\":\"https:\\\/\\\/www.sudvitrailmosaique.fr\\\/index.php\\\/provence-verte-brignoles-83170-var\\\/\",\"name\":\"Provence Verte - Brignoles 83170 (Var) - Sud Vitrail Mosa\u00efque\",\"isPartOf\":{\"@id\":\"https:\\\/\\\/www.sudvitrailmosaique.fr\\\/#website\"},\"primaryImageOfPage\":{\"@id\":\"https:\\\/\\\/www.sudvitrailmosaique.fr\\\/index.php\\\/provence-verte-brignoles-83170-var\\\/#primaryimage\"},\"image\":{\"@id\":\"https:\\\/\\\/www.sudvitrailmosaique.fr\\\/index.php\\\/provence-verte-brignoles-83170-var\\\/#primaryimage\"},\"thumbnailUrl\":\"https:\\\/\\\/www.sudvitrailmosaique.fr\\\/wp-content\\\/uploads\\\/2018\\\/01\\\/Les-couleurs-de-la-Provence.jpg\",\"datePublished\":\"2009-12-11T13:40:28+00:00\",\"dateModified\":\"2022-07-26T05:51:53+00:00\",\"description\":\"D\u00e9couverte de la Provence Verte Connue depuis l'antiquit\u00e9 pour son climat, cette oasis de v\u00e9g\u00e9tation est baign\u00e9e par le soleil 300 jours par an.\",\"breadcrumb\":{\"@id\":\"https:\\\/\\\/www.sudvitrailmosaique.fr\\\/index.php\\\/provence-verte-brignoles-83170-var\\\/#breadcrumb\"},\"inLanguage\":\"fr-FR\",\"potentialAction\":[{\"@type\":\"ReadAction\",\"target\":[\"https:\\\/\\\/www.sudvitrailmosaique.fr\\\/index.php\\\/provence-verte-brignoles-83170-var\\\/\"]}]},{\"@type\":\"ImageObject\",\"inLanguage\":\"fr-FR\",\"@id\":\"https:\\\/\\\/www.sudvitrailmosaique.fr\\\/index.php\\\/provence-verte-brignoles-83170-var\\\/#primaryimage\",\"url\":\"https:\\\/\\\/www.sudvitrailmosaique.fr\\\/wp-content\\\/uploads\\\/2018\\\/01\\\/Les-couleurs-de-la-Provence.jpg\",\"contentUrl\":\"https:\\\/\\\/www.sudvitrailmosaique.fr\\\/wp-content\\\/uploads\\\/2018\\\/01\\\/Les-couleurs-de-la-Provence.jpg\",\"width\":950,\"height\":633,\"caption\":\"Les couleurs de la Provence\"},{\"@type\":\"BreadcrumbList\",\"@id\":\"https:\\\/\\\/www.sudvitrailmosaique.fr\\\/index.php\\\/provence-verte-brignoles-83170-var\\\/#breadcrumb\",\"itemListElement\":[{\"@type\":\"ListItem\",\"position\":1,\"name\":\"Accueil\",\"item\":\"https:\\\/\\\/www.sudvitrailmosaique.fr\\\/\"},{\"@type\":\"ListItem\",\"position\":2,\"name\":\"Provence Verte &#8211; Brignoles 83170 (Var)\"}]},{\"@type\":\"WebSite\",\"@id\":\"https:\\\/\\\/www.sudvitrailmosaique.fr\\\/#website\",\"url\":\"https:\\\/\\\/www.sudvitrailmosaique.fr\\\/\",\"name\":\"Sud Vitrail Mosa\u00efque\",\"description\":\"La magie du Vitrail et de la Mosa\u00efque \u00e0 Brignoles (83170) dans le Var\",\"publisher\":{\"@id\":\"https:\\\/\\\/www.sudvitrailmosaique.fr\\\/#organization\"},\"potentialAction\":[{\"@type\":\"SearchAction\",\"target\":{\"@type\":\"EntryPoint\",\"urlTemplate\":\"https:\\\/\\\/www.sudvitrailmosaique.fr\\\/?s={search_term_string}\"},\"query-input\":{\"@type\":\"PropertyValueSpecification\",\"valueRequired\":true,\"valueName\":\"search_term_string\"}}],\"inLanguage\":\"fr-FR\"},{\"@type\":\"Organization\",\"@id\":\"https:\\\/\\\/www.sudvitrailmosaique.fr\\\/#organization\",\"name\":\"SUD VITRAIL MOSA\u00cfQUE\",\"url\":\"https:\\\/\\\/www.sudvitrailmosaique.fr\\\/\",\"logo\":{\"@type\":\"ImageObject\",\"inLanguage\":\"fr-FR\",\"@id\":\"https:\\\/\\\/www.sudvitrailmosaique.fr\\\/#\\\/schema\\\/logo\\\/image\\\/\",\"url\":\"https:\\\/\\\/www.sudvitrailmosaique.fr\\\/wp-content\\\/uploads\\\/2014\\\/01\\\/logo1.png\",\"contentUrl\":\"https:\\\/\\\/www.sudvitrailmosaique.fr\\\/wp-content\\\/uploads\\\/2014\\\/01\\\/logo1.png\",\"width\":120,\"height\":120,\"caption\":\"SUD VITRAIL MOSA\u00cfQUE\"},\"image\":{\"@id\":\"https:\\\/\\\/www.sudvitrailmosaique.fr\\\/#\\\/schema\\\/logo\\\/image\\\/\"},\"sameAs\":[\"https:\\\/\\\/www.facebook.com\\\/Sudvitrailmosaique\\\/\",\"https:\\\/\\\/www.pinterest.fr\\\/cjegauthier\\\/\",\"https:\\\/\\\/www.instagram.com\\\/sudvitrailmosaique\\\/\"]}]}<\/script>\n<!-- \/ Yoast SEO plugin. -->","yoast_head_json":{"title":"Provence Verte - Brignoles 83170 (Var) - Sud Vitrail Mosa\u00efque","description":"D\u00e9couverte de la Provence Verte Connue depuis l'antiquit\u00e9 pour son climat, cette oasis de v\u00e9g\u00e9tation est baign\u00e9e par le soleil 300 jours par an.","robots":{"index":"index","follow":"follow","max-snippet":"max-snippet:-1","max-image-preview":"max-image-preview:large","max-video-preview":"max-video-preview:-1"},"canonical":"https:\/\/www.sudvitrailmosaique.fr\/index.php\/provence-verte-brignoles-83170-var\/","og_locale":"fr_FR","og_type":"article","og_title":"Provence Verte - Brignoles 83170 (Var) - Sud Vitrail Mosa\u00efque","og_description":"D\u00e9couverte de la Provence Verte Connue depuis l'antiquit\u00e9 pour son climat, cette oasis de v\u00e9g\u00e9tation est baign\u00e9e par le soleil 300 jours par an.","og_url":"https:\/\/www.sudvitrailmosaique.fr\/index.php\/provence-verte-brignoles-83170-var\/","og_site_name":"Sud Vitrail Mosa\u00efque","article_publisher":"https:\/\/www.facebook.com\/Sudvitrailmosaique\/","article_modified_time":"2022-07-26T05:51:53+00:00","og_image":[{"url":"https:\/\/www.sudvitrailmosaique.fr\/wp-content\/uploads\/2018\/01\/Les-couleurs-de-la-Provence.jpg","type":"","width":"","height":""}],"twitter_misc":{"Dur\u00e9e de lecture estim\u00e9e":"3 minutes"},"schema":{"@context":"https:\/\/schema.org","@graph":[{"@type":"WebPage","@id":"https:\/\/www.sudvitrailmosaique.fr\/index.php\/provence-verte-brignoles-83170-var\/","url":"https:\/\/www.sudvitrailmosaique.fr\/index.php\/provence-verte-brignoles-83170-var\/","name":"Provence Verte - Brignoles 83170 (Var) - Sud Vitrail Mosa\u00efque","isPartOf":{"@id":"https:\/\/www.sudvitrailmosaique.fr\/#website"},"primaryImageOfPage":{"@id":"https:\/\/www.sudvitrailmosaique.fr\/index.php\/provence-verte-brignoles-83170-var\/#primaryimage"},"image":{"@id":"https:\/\/www.sudvitrailmosaique.fr\/index.php\/provence-verte-brignoles-83170-var\/#primaryimage"},"thumbnailUrl":"https:\/\/www.sudvitrailmosaique.fr\/wp-content\/uploads\/2018\/01\/Les-couleurs-de-la-Provence.jpg","datePublished":"2009-12-11T13:40:28+00:00","dateModified":"2022-07-26T05:51:53+00:00","description":"D\u00e9couverte de la Provence Verte Connue depuis l'antiquit\u00e9 pour son climat, cette oasis de v\u00e9g\u00e9tation est baign\u00e9e par le soleil 300 jours par an.","breadcrumb":{"@id":"https:\/\/www.sudvitrailmosaique.fr\/index.php\/provence-verte-brignoles-83170-var\/#breadcrumb"},"inLanguage":"fr-FR","potentialAction":[{"@type":"ReadAction","target":["https:\/\/www.sudvitrailmosaique.fr\/index.php\/provence-verte-brignoles-83170-var\/"]}]},{"@type":"ImageObject","inLanguage":"fr-FR","@id":"https:\/\/www.sudvitrailmosaique.fr\/index.php\/provence-verte-brignoles-83170-var\/#primaryimage","url":"https:\/\/www.sudvitrailmosaique.fr\/wp-content\/uploads\/2018\/01\/Les-couleurs-de-la-Provence.jpg","contentUrl":"https:\/\/www.sudvitrailmosaique.fr\/wp-content\/uploads\/2018\/01\/Les-couleurs-de-la-Provence.jpg","width":950,"height":633,"caption":"Les couleurs de la Provence"},{"@type":"BreadcrumbList","@id":"https:\/\/www.sudvitrailmosaique.fr\/index.php\/provence-verte-brignoles-83170-var\/#breadcrumb","itemListElement":[{"@type":"ListItem","position":1,"name":"Accueil","item":"https:\/\/www.sudvitrailmosaique.fr\/"},{"@type":"ListItem","position":2,"name":"Provence Verte &#8211; Brignoles 83170 (Var)"}]},{"@type":"WebSite","@id":"https:\/\/www.sudvitrailmosaique.fr\/#website","url":"https:\/\/www.sudvitrailmosaique.fr\/","name":"Sud Vitrail Mosa\u00efque","description":"La magie du Vitrail et de la Mosa\u00efque \u00e0 Brignoles (83170) dans le Var","publisher":{"@id":"https:\/\/www.sudvitrailmosaique.fr\/#organization"},"potentialAction":[{"@type":"SearchAction","target":{"@type":"EntryPoint","urlTemplate":"https:\/\/www.sudvitrailmosaique.fr\/?s={search_term_string}"},"query-input":{"@type":"PropertyValueSpecification","valueRequired":true,"valueName":"search_term_string"}}],"inLanguage":"fr-FR"},{"@type":"Organization","@id":"https:\/\/www.sudvitrailmosaique.fr\/#organization","name":"SUD VITRAIL MOSA\u00cfQUE","url":"https:\/\/www.sudvitrailmosaique.fr\/","logo":{"@type":"ImageObject","inLanguage":"fr-FR","@id":"https:\/\/www.sudvitrailmosaique.fr\/#\/schema\/logo\/image\/","url":"https:\/\/www.sudvitrailmosaique.fr\/wp-content\/uploads\/2014\/01\/logo1.png","contentUrl":"https:\/\/www.sudvitrailmosaique.fr\/wp-content\/uploads\/2014\/01\/logo1.png","width":120,"height":120,"caption":"SUD VITRAIL MOSA\u00cfQUE"},"image":{"@id":"https:\/\/www.sudvitrailmosaique.fr\/#\/schema\/logo\/image\/"},"sameAs":["https:\/\/www.facebook.com\/Sudvitrailmosaique\/","https:\/\/www.pinterest.fr\/cjegauthier\/","https:\/\/www.instagram.com\/sudvitrailmosaique\/"]}]}},"_links":{"self":[{"href":"https:\/\/www.sudvitrailmosaique.fr\/index.php\/wp-json\/wp\/v2\/pages\/82","targetHints":{"allow":["GET"]}}],"collection":[{"href":"https:\/\/www.sudvitrailmosaique.fr\/index.php\/wp-json\/wp\/v2\/pages"}],"about":[{"href":"https:\/\/www.sudvitrailmosaique.fr\/index.php\/wp-json\/wp\/v2\/types\/page"}],"author":[{"embeddable":true,"href":"https:\/\/www.sudvitrailmosaique.fr\/index.php\/wp-json\/wp\/v2\/users\/5"}],"replies":[{"embeddable":true,"href":"https:\/\/www.sudvitrailmosaique.fr\/index.php\/wp-json\/wp\/v2\/comments?post=82"}],"version-history":[{"count":0,"href":"https:\/\/www.sudvitrailmosaique.fr\/index.php\/wp-json\/wp\/v2\/pages\/82\/revisions"}],"wp:attachment":[{"href":"https:\/\/www.sudvitrailmosaique.fr\/index.php\/wp-json\/wp\/v2\/media?parent=82"}],"curies":[{"name":"wp","href":"https:\/\/api.w.org\/{rel}","templated":true}]}}