{"id":27,"date":"2009-11-23T16:55:58","date_gmt":"2009-11-23T15:55:58","guid":{"rendered":"http:\/\/www.sudvitrailmosaique.fr\/index.php?page_id=27"},"modified":"2023-12-22T07:20:11","modified_gmt":"2023-12-22T06:20:11","slug":"technique-mosaique","status":"publish","type":"page","link":"https:\/\/www.sudvitrailmosaique.fr\/index.php\/art-de-la-mosaique\/technique-mosaique\/","title":{"rendered":"Technique Mosa\u00efque"},"content":{"rendered":"\t\t<div data-elementor-type=\"wp-page\" data-elementor-id=\"27\" class=\"elementor elementor-27\">\n\t\t\t\t\t\t<section class=\"elementor-section elementor-top-section elementor-element elementor-element-50f5524 elementor-section-boxed elementor-section-height-default elementor-section-height-default\" data-id=\"50f5524\" data-element_type=\"section\" data-e-type=\"section\">\n\t\t\t\t\t\t<div class=\"elementor-container elementor-column-gap-default\">\n\t\t\t\t\t<div class=\"elementor-column elementor-col-100 elementor-top-column elementor-element elementor-element-2990fd5\" data-id=\"2990fd5\" data-element_type=\"column\" data-e-type=\"column\">\n\t\t\t<div class=\"elementor-widget-wrap elementor-element-populated\">\n\t\t\t\t\t\t<div class=\"elementor-element elementor-element-b347e3e elementor-widget elementor-widget-heading\" data-id=\"b347e3e\" data-element_type=\"widget\" data-e-type=\"widget\" data-widget_type=\"heading.default\">\n\t\t\t\t<div class=\"elementor-widget-container\">\n\t\t\t\t\t<h2 class=\"elementor-heading-title elementor-size-default\">Les diff\u00e9rentes techniques de la Mosa\u00efque<\/h2>\t\t\t\t<\/div>\n\t\t\t\t<\/div>\n\t\t\t\t\t<\/div>\n\t\t<\/div>\n\t\t\t\t\t<\/div>\n\t\t<\/section>\n\t\t\t\t<section class=\"elementor-section elementor-top-section elementor-element elementor-element-8a087d9 elementor-section-boxed elementor-section-height-default elementor-section-height-default\" data-id=\"8a087d9\" data-element_type=\"section\" data-e-type=\"section\">\n\t\t\t\t\t\t<div class=\"elementor-container elementor-column-gap-default\">\n\t\t\t\t\t<div class=\"elementor-column elementor-col-100 elementor-top-column elementor-element elementor-element-f06d941\" data-id=\"f06d941\" data-element_type=\"column\" data-e-type=\"column\">\n\t\t\t<div class=\"elementor-widget-wrap elementor-element-populated\">\n\t\t\t\t\t\t<div class=\"elementor-element elementor-element-4cc89b2 elementor-widget elementor-widget-text-editor\" data-id=\"4cc89b2\" data-element_type=\"widget\" data-e-type=\"widget\" data-widget_type=\"text-editor.default\">\n\t\t\t\t<div class=\"elementor-widget-container\">\n\t\t\t\t\t\t\t\t\t<p>La Technique de la mosa\u00efque est un art ancestral consistant \u00e0 assembler des mat\u00e9riaux divers. Ils sont taill\u00e9s en petits cubes ou \u00e9clats plus ou moins irr\u00e9guliers les \u00ab tesselles \u00bb.<\/p><p>La mosa\u00efque permet de cr\u00e9er des surfaces ou des panneaux muraux figuratifs ou abstraits d\u2019une exceptionnelle long\u00e9vit\u00e9 et stabilit\u00e9 dans le temps.<\/p>\t\t\t\t\t\t\t\t<\/div>\n\t\t\t\t<\/div>\n\t\t\t\t<div class=\"elementor-element elementor-element-c6c1a13 elementor-widget elementor-widget-image\" data-id=\"c6c1a13\" data-element_type=\"widget\" data-e-type=\"widget\" data-widget_type=\"image.default\">\n\t\t\t\t<div class=\"elementor-widget-container\">\n\t\t\t\t\t\t\t\t\t\t\t\t\t\t\t<img fetchpriority=\"high\" decoding=\"async\" width=\"500\" height=\"368\" src=\"https:\/\/www.sudvitrailmosaique.fr\/wp-content\/uploads\/2012\/10\/Table-Art-Deco_500.png\" class=\"attachment-large size-large wp-image-915\" alt=\"Table Art D\u00e9co en mosa\u00efque\" \/>\t\t\t\t\t\t\t\t\t\t\t\t\t\t\t<\/div>\n\t\t\t\t<\/div>\n\t\t\t\t\t<\/div>\n\t\t<\/div>\n\t\t\t\t\t<\/div>\n\t\t<\/section>\n\t\t\t\t<section class=\"elementor-section elementor-top-section elementor-element elementor-element-8a9c61b elementor-section-boxed elementor-section-height-default elementor-section-height-default\" data-id=\"8a9c61b\" data-element_type=\"section\" data-e-type=\"section\">\n\t\t\t\t\t\t<div class=\"elementor-container elementor-column-gap-default\">\n\t\t\t\t\t<div class=\"elementor-column elementor-col-100 elementor-top-column elementor-element elementor-element-d3cd227\" data-id=\"d3cd227\" data-element_type=\"column\" data-e-type=\"column\">\n\t\t\t<div class=\"elementor-widget-wrap elementor-element-populated\">\n\t\t\t\t\t\t<div class=\"elementor-element elementor-element-0905f48 elementor-widget elementor-widget-heading\" data-id=\"0905f48\" data-element_type=\"widget\" data-e-type=\"widget\" data-widget_type=\"heading.default\">\n\t\t\t\t<div class=\"elementor-widget-container\">\n\t\t\t\t\t<h2 class=\"elementor-heading-title elementor-size-default\">Pr\u00e9paration d'une mosa\u00efque<\/h2>\t\t\t\t<\/div>\n\t\t\t\t<\/div>\n\t\t\t\t\t<\/div>\n\t\t<\/div>\n\t\t\t\t\t<\/div>\n\t\t<\/section>\n\t\t\t\t<section class=\"elementor-section elementor-top-section elementor-element elementor-element-e71c7c9 elementor-section-boxed elementor-section-height-default elementor-section-height-default\" data-id=\"e71c7c9\" data-element_type=\"section\" data-e-type=\"section\">\n\t\t\t\t\t\t<div class=\"elementor-container elementor-column-gap-default\">\n\t\t\t\t\t<div class=\"elementor-column elementor-col-100 elementor-top-column elementor-element elementor-element-cb0c73c\" data-id=\"cb0c73c\" data-element_type=\"column\" data-e-type=\"column\">\n\t\t\t<div class=\"elementor-widget-wrap elementor-element-populated\">\n\t\t\t\t\t\t<div class=\"elementor-element elementor-element-88a603b elementor-widget elementor-widget-text-editor\" data-id=\"88a603b\" data-element_type=\"widget\" data-e-type=\"widget\" data-widget_type=\"text-editor.default\">\n\t\t\t\t<div class=\"elementor-widget-container\">\n\t\t\t\t\t\t\t\t\t<ul><li>Imaginez la pi\u00e8ce et commencez par dessiner le motif de la mosa\u00efque \u00e0 la taille r\u00e9elle sur un papier, en pr\u00e9cisant les couleurs que vous allez utiliser. L&rsquo;esquisse doit \u00eatre simple.<\/li><li>Choix des mat\u00e9riaux et r\u00e9alisation du support de mosa\u00efque<\/li><\/ul>\t\t\t\t\t\t\t\t<\/div>\n\t\t\t\t<\/div>\n\t\t\t\t\t<\/div>\n\t\t<\/div>\n\t\t\t\t\t<\/div>\n\t\t<\/section>\n\t\t\t\t<section class=\"elementor-section elementor-top-section elementor-element elementor-element-4c21c5a elementor-section-boxed elementor-section-height-default elementor-section-height-default\" data-id=\"4c21c5a\" data-element_type=\"section\" data-e-type=\"section\">\n\t\t\t\t\t\t<div class=\"elementor-container elementor-column-gap-default\">\n\t\t\t\t\t<div class=\"elementor-column elementor-col-100 elementor-top-column elementor-element elementor-element-76b51ed\" data-id=\"76b51ed\" data-element_type=\"column\" data-e-type=\"column\">\n\t\t\t<div class=\"elementor-widget-wrap elementor-element-populated\">\n\t\t\t\t\t\t<div class=\"elementor-element elementor-element-3e7a4e5 elementor-widget elementor-widget-heading\" data-id=\"3e7a4e5\" data-element_type=\"widget\" data-e-type=\"widget\" data-widget_type=\"heading.default\">\n\t\t\t\t<div class=\"elementor-widget-container\">\n\t\t\t\t\t<h2 class=\"elementor-heading-title elementor-size-default\">Technique de la mosa\u00efque : de la coupe des tesselles, \u00e0 la pose du joint<\/h2>\t\t\t\t<\/div>\n\t\t\t\t<\/div>\n\t\t\t\t\t<\/div>\n\t\t<\/div>\n\t\t\t\t\t<\/div>\n\t\t<\/section>\n\t\t\t\t<section class=\"elementor-section elementor-top-section elementor-element elementor-element-1833f5da elementor-section-boxed elementor-section-height-default elementor-section-height-default\" data-id=\"1833f5da\" data-element_type=\"section\" data-e-type=\"section\">\n\t\t\t\t\t\t<div class=\"elementor-container elementor-column-gap-default\">\n\t\t\t\t\t<div class=\"elementor-column elementor-col-100 elementor-top-column elementor-element elementor-element-39e156a9\" data-id=\"39e156a9\" data-element_type=\"column\" data-e-type=\"column\">\n\t\t\t<div class=\"elementor-widget-wrap elementor-element-populated\">\n\t\t\t\t\t\t<div class=\"elementor-element elementor-element-4d7e3bfa elementor-widget elementor-widget-text-editor\" data-id=\"4d7e3bfa\" data-element_type=\"widget\" data-e-type=\"widget\" data-widget_type=\"text-editor.default\">\n\t\t\t\t<div class=\"elementor-widget-container\">\n\t\t\t\t\t\t\t\t\t<ul style=\"padding-left: 30px;\"><li style=\"text-align: justify;\">La coupe des tesselles<br \/>Selon que vous coupez des morceaux de miroir, de fa\u00efence ou encore de p\u00e2te de verre, vous n&rsquo;utiliserez pas les m\u00eames instruments, ni ne proc\u00e9derez de la m\u00eame mani\u00e8re.<\/li><li style=\"text-align: justify;\">La pose de la mosa\u00efque<br \/>Toutes les mosa\u00efques se posent avec des colles sp\u00e9ciales qui doivent imp\u00e9rativement s\u00e9cher avant que vous ne passiez \u00e0 l&rsquo;\u00e9tape suivante. Le choix de la m\u00e9thode de pose et de la colle est fonction de la dimension de l&rsquo;objet, de sa forme, du support (horizontal ou vertical) et du rendu souhait\u00e9 (plus ou moins lisse).<\/li><\/ul><h3 style=\"padding-left: 40px;\">Technique de pose mosa\u00efque r\u00e9alis\u00e9e selon la m\u00e9thode directe :<\/h3><ul style=\"padding-left: 30px;\"><li style=\"list-style-type: none;\"><ul style=\"padding-left: 30px;\"><li style=\"list-style-type: none;\"><ul style=\"padding-left: 40px;\"><li style=\"text-align: justify;\">Appliquez le motif\u00a0 directement sur le support avec une colle blanche sp\u00e9ciale mosa\u00efque, \u00e0 carrelage pr\u00eate \u00e0 l&#8217;emploi ou silicone.<\/li><\/ul><\/li><\/ul><\/li><\/ul><h3 style=\"padding-left: 40px;\">R\u00e9alisation de la technique de pose mosa\u00efque selon la m\u00e9thode directe avec filet :<\/h3><ul style=\"padding-left: 30px;\"><li style=\"list-style-type: none;\"><ul style=\"padding-left: 30px;\"><li style=\"list-style-type: none;\"><ul style=\"padding-left: 40px;\"><li style=\"text-align: justify;\">Appliquez le motif sur un support interm\u00e9diaire avant d\u2019\u00eatre mis en place. Ensuite collez les tesselles \u00e0 l\u2019endroit avec de la colle blanche sur le filet, ce qui permet de visualiser le r\u00e9sultat final, et au besoin de le corriger.<\/li><\/ul><\/li><\/ul><\/li><\/ul><h3 style=\"padding-left: 40px;\">Technique de pose mosa\u00efque r\u00e9alis\u00e9e selon la m\u00e9thode indirecte :<\/h3><ul style=\"padding-left: 30px;\"><li style=\"list-style-type: none;\"><ul style=\"padding-left: 30px;\"><li style=\"list-style-type: none;\"><ul style=\"padding-left: 40px;\"><li style=\"text-align: justify;\">Posez d&rsquo;abord le motif \u00e0 l\u2019envers sur un papier kraft avant de le coller sur le support d\u00e9finitif . Cette technique est particuli\u00e8rement utile pour les petits morceaux et les p\u00e2tes de verre.<\/li><\/ul><\/li><\/ul><\/li><\/ul><h3 style=\"text-align: left; padding-left: 40px;\">Le joint<\/h3><p>L\u2019application du joint se fait avec une spatule. Vous posez le joint sur la surface de la mosa\u00efque.<\/p><p>Aussit\u00f4t termin\u00e9e l\u2019application du joint, nettoyez la mosa\u00efque \u00e0 l\u2019aide d\u2019une \u00e9ponge l\u00e9g\u00e8rement humide. Laissez s\u00e9cher.<\/p><p style=\"text-align: center;\"><a href=\"https:\/\/www.sudvitrailmosaique.fr\/index.php\/boutique\/\" target=\"_blank\" rel=\"noopener\">D\u00e9couvrez mes diff\u00e9rents ateliers Mosa\u00efque<\/a><\/p>\t\t\t\t\t\t\t\t<\/div>\n\t\t\t\t<\/div>\n\t\t\t\t\t<\/div>\n\t\t<\/div>\n\t\t\t\t\t<\/div>\n\t\t<\/section>\n\t\t\t\t<\/div>\n\t\t","protected":false},"excerpt":{"rendered":"<p>Les diff\u00e9rentes techniques de la Mosa\u00efque La Technique de la mosa\u00efque est un art ancestral consistant \u00e0 assembler des mat\u00e9riaux divers. Ils sont taill\u00e9s en petits cubes ou \u00e9clats plus ou moins irr\u00e9guliers les \u00ab tesselles \u00bb. La mosa\u00efque permet de cr\u00e9er des surfaces ou des panneaux muraux figuratifs ou abstraits d\u2019une exceptionnelle long\u00e9vit\u00e9 et [&hellip;]<\/p>\n","protected":false},"author":5,"featured_media":0,"parent":7,"menu_order":2,"comment_status":"closed","ping_status":"closed","template":"","meta":{"ocean_post_layout":"","ocean_both_sidebars_style":"","ocean_both_sidebars_content_width":0,"ocean_both_sidebars_sidebars_width":0,"ocean_sidebar":"0","ocean_second_sidebar":"0","ocean_disable_margins":"enable","ocean_add_body_class":"","ocean_shortcode_before_top_bar":"","ocean_shortcode_after_top_bar":"","ocean_shortcode_before_header":"","ocean_shortcode_after_header":"","ocean_has_shortcode":"","ocean_shortcode_after_title":"","ocean_shortcode_before_footer_widgets":"","ocean_shortcode_after_footer_widgets":"","ocean_shortcode_before_footer_bottom":"","ocean_shortcode_after_footer_bottom":"","ocean_display_top_bar":"default","ocean_display_header":"default","ocean_header_style":"","ocean_center_header_left_menu":"0","ocean_custom_header_template":"0","ocean_custom_logo":0,"ocean_custom_retina_logo":0,"ocean_custom_logo_max_width":0,"ocean_custom_logo_tablet_max_width":0,"ocean_custom_logo_mobile_max_width":0,"ocean_custom_logo_max_height":0,"ocean_custom_logo_tablet_max_height":0,"ocean_custom_logo_mobile_max_height":0,"ocean_header_custom_menu":"0","ocean_menu_typo_font_family":"0","ocean_menu_typo_font_subset":"","ocean_menu_typo_font_size":0,"ocean_menu_typo_font_size_tablet":0,"ocean_menu_typo_font_size_mobile":0,"ocean_menu_typo_font_size_unit":"px","ocean_menu_typo_font_weight":"","ocean_menu_typo_font_weight_tablet":"","ocean_menu_typo_font_weight_mobile":"","ocean_menu_typo_transform":"","ocean_menu_typo_transform_tablet":"","ocean_menu_typo_transform_mobile":"","ocean_menu_typo_line_height":0,"ocean_menu_typo_line_height_tablet":0,"ocean_menu_typo_line_height_mobile":0,"ocean_menu_typo_line_height_unit":"","ocean_menu_typo_spacing":0,"ocean_menu_typo_spacing_tablet":0,"ocean_menu_typo_spacing_mobile":0,"ocean_menu_typo_spacing_unit":"","ocean_menu_link_color":"","ocean_menu_link_color_hover":"","ocean_menu_link_color_active":"","ocean_menu_link_background":"","ocean_menu_link_hover_background":"","ocean_menu_link_active_background":"","ocean_menu_social_links_bg":"","ocean_menu_social_hover_links_bg":"","ocean_menu_social_links_color":"","ocean_menu_social_hover_links_color":"","ocean_disable_title":"default","ocean_disable_heading":"default","ocean_post_title":"","ocean_post_subheading":"","ocean_post_title_style":"","ocean_post_title_background_color":"","ocean_post_title_background":0,"ocean_post_title_bg_image_position":"","ocean_post_title_bg_image_attachment":"","ocean_post_title_bg_image_repeat":"","ocean_post_title_bg_image_size":"","ocean_post_title_height":0,"ocean_post_title_bg_overlay":0.5,"ocean_post_title_bg_overlay_color":"","ocean_disable_breadcrumbs":"default","ocean_breadcrumbs_color":"","ocean_breadcrumbs_separator_color":"","ocean_breadcrumbs_links_color":"","ocean_breadcrumbs_links_hover_color":"","ocean_display_footer_widgets":"default","ocean_display_footer_bottom":"default","ocean_custom_footer_template":"0","footnotes":""},"class_list":["post-27","page","type-page","status-publish","hentry","entry","owp-thumbs-layout-horizontal","owp-btn-very-big","owp-tabs-layout-horizontal","has-no-thumbnails","has-product-nav","circle-sale"],"yoast_head":"<!-- This site is optimized with the Yoast SEO plugin v27.3 - https:\/\/yoast.com\/product\/yoast-seo-wordpress\/ -->\n<title>Technique Mosa\u00efque - Sud Vitrail Mosa\u00efque<\/title>\n<meta name=\"description\" content=\"La technique Mosa\u00efque est un Art ancestral qui est le r\u00e9sultat d&#039;assemblage de \u00ab tesselles \u00bb selon diff\u00e9rentes techniques de pose.\" \/>\n<meta name=\"robots\" content=\"index, follow, max-snippet:-1, max-image-preview:large, max-video-preview:-1\" \/>\n<link rel=\"canonical\" href=\"https:\/\/www.sudvitrailmosaique.fr\/index.php\/art-de-la-mosaique\/technique-mosaique\/\" \/>\n<meta property=\"og:locale\" content=\"fr_FR\" \/>\n<meta property=\"og:type\" content=\"article\" \/>\n<meta property=\"og:title\" content=\"Technique Mosa\u00efque - Sud Vitrail Mosa\u00efque\" \/>\n<meta property=\"og:description\" content=\"La technique Mosa\u00efque est un Art ancestral qui est le r\u00e9sultat d&#039;assemblage de \u00ab tesselles \u00bb selon diff\u00e9rentes techniques de pose.\" \/>\n<meta property=\"og:url\" content=\"https:\/\/www.sudvitrailmosaique.fr\/index.php\/art-de-la-mosaique\/technique-mosaique\/\" \/>\n<meta property=\"og:site_name\" content=\"Sud Vitrail Mosa\u00efque\" \/>\n<meta property=\"article:publisher\" content=\"https:\/\/www.facebook.com\/Sudvitrailmosaique\/\" \/>\n<meta property=\"article:modified_time\" content=\"2023-12-22T06:20:11+00:00\" \/>\n<meta property=\"og:image\" content=\"https:\/\/www.sudvitrailmosaique.fr\/wp-content\/uploads\/2012\/10\/Table-Art-Deco_500.png\" \/>\n<meta name=\"twitter:label1\" content=\"Dur\u00e9e de lecture estim\u00e9e\" \/>\n\t<meta name=\"twitter:data1\" content=\"3 minutes\" \/>\n<script type=\"application\/ld+json\" class=\"yoast-schema-graph\">{\"@context\":\"https:\\\/\\\/schema.org\",\"@graph\":[{\"@type\":\"WebPage\",\"@id\":\"https:\\\/\\\/www.sudvitrailmosaique.fr\\\/index.php\\\/art-de-la-mosaique\\\/technique-mosaique\\\/\",\"url\":\"https:\\\/\\\/www.sudvitrailmosaique.fr\\\/index.php\\\/art-de-la-mosaique\\\/technique-mosaique\\\/\",\"name\":\"Technique Mosa\u00efque - Sud Vitrail Mosa\u00efque\",\"isPartOf\":{\"@id\":\"https:\\\/\\\/www.sudvitrailmosaique.fr\\\/#website\"},\"primaryImageOfPage\":{\"@id\":\"https:\\\/\\\/www.sudvitrailmosaique.fr\\\/index.php\\\/art-de-la-mosaique\\\/technique-mosaique\\\/#primaryimage\"},\"image\":{\"@id\":\"https:\\\/\\\/www.sudvitrailmosaique.fr\\\/index.php\\\/art-de-la-mosaique\\\/technique-mosaique\\\/#primaryimage\"},\"thumbnailUrl\":\"https:\\\/\\\/www.sudvitrailmosaique.fr\\\/wp-content\\\/uploads\\\/2012\\\/10\\\/Table-Art-Deco_500.png\",\"datePublished\":\"2009-11-23T15:55:58+00:00\",\"dateModified\":\"2023-12-22T06:20:11+00:00\",\"description\":\"La technique Mosa\u00efque est un Art ancestral qui est le r\u00e9sultat d'assemblage de \u00ab tesselles \u00bb selon diff\u00e9rentes techniques de pose.\",\"breadcrumb\":{\"@id\":\"https:\\\/\\\/www.sudvitrailmosaique.fr\\\/index.php\\\/art-de-la-mosaique\\\/technique-mosaique\\\/#breadcrumb\"},\"inLanguage\":\"fr-FR\",\"potentialAction\":[{\"@type\":\"ReadAction\",\"target\":[\"https:\\\/\\\/www.sudvitrailmosaique.fr\\\/index.php\\\/art-de-la-mosaique\\\/technique-mosaique\\\/\"]}]},{\"@type\":\"ImageObject\",\"inLanguage\":\"fr-FR\",\"@id\":\"https:\\\/\\\/www.sudvitrailmosaique.fr\\\/index.php\\\/art-de-la-mosaique\\\/technique-mosaique\\\/#primaryimage\",\"url\":\"https:\\\/\\\/www.sudvitrailmosaique.fr\\\/wp-content\\\/uploads\\\/2012\\\/10\\\/Table-Art-Deco_500.png\",\"contentUrl\":\"https:\\\/\\\/www.sudvitrailmosaique.fr\\\/wp-content\\\/uploads\\\/2012\\\/10\\\/Table-Art-Deco_500.png\",\"width\":500,\"height\":368,\"caption\":\"Table Art D\u00e9co en mosa\u00efque\"},{\"@type\":\"BreadcrumbList\",\"@id\":\"https:\\\/\\\/www.sudvitrailmosaique.fr\\\/index.php\\\/art-de-la-mosaique\\\/technique-mosaique\\\/#breadcrumb\",\"itemListElement\":[{\"@type\":\"ListItem\",\"position\":1,\"name\":\"Accueil\",\"item\":\"https:\\\/\\\/www.sudvitrailmosaique.fr\\\/\"},{\"@type\":\"ListItem\",\"position\":2,\"name\":\"Art de la Mosa\u00efque\",\"item\":\"https:\\\/\\\/www.sudvitrailmosaique.fr\\\/index.php\\\/art-de-la-mosaique\\\/\"},{\"@type\":\"ListItem\",\"position\":3,\"name\":\"Technique Mosa\u00efque\"}]},{\"@type\":\"WebSite\",\"@id\":\"https:\\\/\\\/www.sudvitrailmosaique.fr\\\/#website\",\"url\":\"https:\\\/\\\/www.sudvitrailmosaique.fr\\\/\",\"name\":\"Sud Vitrail Mosa\u00efque\",\"description\":\"La magie du Vitrail et de la Mosa\u00efque \u00e0 Brignoles (83170) dans le Var\",\"publisher\":{\"@id\":\"https:\\\/\\\/www.sudvitrailmosaique.fr\\\/#organization\"},\"potentialAction\":[{\"@type\":\"SearchAction\",\"target\":{\"@type\":\"EntryPoint\",\"urlTemplate\":\"https:\\\/\\\/www.sudvitrailmosaique.fr\\\/?s={search_term_string}\"},\"query-input\":{\"@type\":\"PropertyValueSpecification\",\"valueRequired\":true,\"valueName\":\"search_term_string\"}}],\"inLanguage\":\"fr-FR\"},{\"@type\":\"Organization\",\"@id\":\"https:\\\/\\\/www.sudvitrailmosaique.fr\\\/#organization\",\"name\":\"SUD VITRAIL MOSA\u00cfQUE\",\"url\":\"https:\\\/\\\/www.sudvitrailmosaique.fr\\\/\",\"logo\":{\"@type\":\"ImageObject\",\"inLanguage\":\"fr-FR\",\"@id\":\"https:\\\/\\\/www.sudvitrailmosaique.fr\\\/#\\\/schema\\\/logo\\\/image\\\/\",\"url\":\"https:\\\/\\\/www.sudvitrailmosaique.fr\\\/wp-content\\\/uploads\\\/2014\\\/01\\\/logo1.png\",\"contentUrl\":\"https:\\\/\\\/www.sudvitrailmosaique.fr\\\/wp-content\\\/uploads\\\/2014\\\/01\\\/logo1.png\",\"width\":120,\"height\":120,\"caption\":\"SUD VITRAIL MOSA\u00cfQUE\"},\"image\":{\"@id\":\"https:\\\/\\\/www.sudvitrailmosaique.fr\\\/#\\\/schema\\\/logo\\\/image\\\/\"},\"sameAs\":[\"https:\\\/\\\/www.facebook.com\\\/Sudvitrailmosaique\\\/\",\"https:\\\/\\\/www.pinterest.fr\\\/cjegauthier\\\/\",\"https:\\\/\\\/www.instagram.com\\\/sudvitrailmosaique\\\/\"]}]}<\/script>\n<!-- \/ Yoast SEO plugin. -->","yoast_head_json":{"title":"Technique Mosa\u00efque - Sud Vitrail Mosa\u00efque","description":"La technique Mosa\u00efque est un Art ancestral qui est le r\u00e9sultat d'assemblage de \u00ab tesselles \u00bb selon diff\u00e9rentes techniques de pose.","robots":{"index":"index","follow":"follow","max-snippet":"max-snippet:-1","max-image-preview":"max-image-preview:large","max-video-preview":"max-video-preview:-1"},"canonical":"https:\/\/www.sudvitrailmosaique.fr\/index.php\/art-de-la-mosaique\/technique-mosaique\/","og_locale":"fr_FR","og_type":"article","og_title":"Technique Mosa\u00efque - Sud Vitrail Mosa\u00efque","og_description":"La technique Mosa\u00efque est un Art ancestral qui est le r\u00e9sultat d'assemblage de \u00ab tesselles \u00bb selon diff\u00e9rentes techniques de pose.","og_url":"https:\/\/www.sudvitrailmosaique.fr\/index.php\/art-de-la-mosaique\/technique-mosaique\/","og_site_name":"Sud Vitrail Mosa\u00efque","article_publisher":"https:\/\/www.facebook.com\/Sudvitrailmosaique\/","article_modified_time":"2023-12-22T06:20:11+00:00","og_image":[{"url":"https:\/\/www.sudvitrailmosaique.fr\/wp-content\/uploads\/2012\/10\/Table-Art-Deco_500.png","type":"","width":"","height":""}],"twitter_misc":{"Dur\u00e9e de lecture estim\u00e9e":"3 minutes"},"schema":{"@context":"https:\/\/schema.org","@graph":[{"@type":"WebPage","@id":"https:\/\/www.sudvitrailmosaique.fr\/index.php\/art-de-la-mosaique\/technique-mosaique\/","url":"https:\/\/www.sudvitrailmosaique.fr\/index.php\/art-de-la-mosaique\/technique-mosaique\/","name":"Technique Mosa\u00efque - Sud Vitrail Mosa\u00efque","isPartOf":{"@id":"https:\/\/www.sudvitrailmosaique.fr\/#website"},"primaryImageOfPage":{"@id":"https:\/\/www.sudvitrailmosaique.fr\/index.php\/art-de-la-mosaique\/technique-mosaique\/#primaryimage"},"image":{"@id":"https:\/\/www.sudvitrailmosaique.fr\/index.php\/art-de-la-mosaique\/technique-mosaique\/#primaryimage"},"thumbnailUrl":"https:\/\/www.sudvitrailmosaique.fr\/wp-content\/uploads\/2012\/10\/Table-Art-Deco_500.png","datePublished":"2009-11-23T15:55:58+00:00","dateModified":"2023-12-22T06:20:11+00:00","description":"La technique Mosa\u00efque est un Art ancestral qui est le r\u00e9sultat d'assemblage de \u00ab tesselles \u00bb selon diff\u00e9rentes techniques de pose.","breadcrumb":{"@id":"https:\/\/www.sudvitrailmosaique.fr\/index.php\/art-de-la-mosaique\/technique-mosaique\/#breadcrumb"},"inLanguage":"fr-FR","potentialAction":[{"@type":"ReadAction","target":["https:\/\/www.sudvitrailmosaique.fr\/index.php\/art-de-la-mosaique\/technique-mosaique\/"]}]},{"@type":"ImageObject","inLanguage":"fr-FR","@id":"https:\/\/www.sudvitrailmosaique.fr\/index.php\/art-de-la-mosaique\/technique-mosaique\/#primaryimage","url":"https:\/\/www.sudvitrailmosaique.fr\/wp-content\/uploads\/2012\/10\/Table-Art-Deco_500.png","contentUrl":"https:\/\/www.sudvitrailmosaique.fr\/wp-content\/uploads\/2012\/10\/Table-Art-Deco_500.png","width":500,"height":368,"caption":"Table Art D\u00e9co en mosa\u00efque"},{"@type":"BreadcrumbList","@id":"https:\/\/www.sudvitrailmosaique.fr\/index.php\/art-de-la-mosaique\/technique-mosaique\/#breadcrumb","itemListElement":[{"@type":"ListItem","position":1,"name":"Accueil","item":"https:\/\/www.sudvitrailmosaique.fr\/"},{"@type":"ListItem","position":2,"name":"Art de la Mosa\u00efque","item":"https:\/\/www.sudvitrailmosaique.fr\/index.php\/art-de-la-mosaique\/"},{"@type":"ListItem","position":3,"name":"Technique Mosa\u00efque"}]},{"@type":"WebSite","@id":"https:\/\/www.sudvitrailmosaique.fr\/#website","url":"https:\/\/www.sudvitrailmosaique.fr\/","name":"Sud Vitrail Mosa\u00efque","description":"La magie du Vitrail et de la Mosa\u00efque \u00e0 Brignoles (83170) dans le Var","publisher":{"@id":"https:\/\/www.sudvitrailmosaique.fr\/#organization"},"potentialAction":[{"@type":"SearchAction","target":{"@type":"EntryPoint","urlTemplate":"https:\/\/www.sudvitrailmosaique.fr\/?s={search_term_string}"},"query-input":{"@type":"PropertyValueSpecification","valueRequired":true,"valueName":"search_term_string"}}],"inLanguage":"fr-FR"},{"@type":"Organization","@id":"https:\/\/www.sudvitrailmosaique.fr\/#organization","name":"SUD VITRAIL MOSA\u00cfQUE","url":"https:\/\/www.sudvitrailmosaique.fr\/","logo":{"@type":"ImageObject","inLanguage":"fr-FR","@id":"https:\/\/www.sudvitrailmosaique.fr\/#\/schema\/logo\/image\/","url":"https:\/\/www.sudvitrailmosaique.fr\/wp-content\/uploads\/2014\/01\/logo1.png","contentUrl":"https:\/\/www.sudvitrailmosaique.fr\/wp-content\/uploads\/2014\/01\/logo1.png","width":120,"height":120,"caption":"SUD VITRAIL MOSA\u00cfQUE"},"image":{"@id":"https:\/\/www.sudvitrailmosaique.fr\/#\/schema\/logo\/image\/"},"sameAs":["https:\/\/www.facebook.com\/Sudvitrailmosaique\/","https:\/\/www.pinterest.fr\/cjegauthier\/","https:\/\/www.instagram.com\/sudvitrailmosaique\/"]}]}},"_links":{"self":[{"href":"https:\/\/www.sudvitrailmosaique.fr\/index.php\/wp-json\/wp\/v2\/pages\/27","targetHints":{"allow":["GET"]}}],"collection":[{"href":"https:\/\/www.sudvitrailmosaique.fr\/index.php\/wp-json\/wp\/v2\/pages"}],"about":[{"href":"https:\/\/www.sudvitrailmosaique.fr\/index.php\/wp-json\/wp\/v2\/types\/page"}],"author":[{"embeddable":true,"href":"https:\/\/www.sudvitrailmosaique.fr\/index.php\/wp-json\/wp\/v2\/users\/5"}],"replies":[{"embeddable":true,"href":"https:\/\/www.sudvitrailmosaique.fr\/index.php\/wp-json\/wp\/v2\/comments?post=27"}],"version-history":[{"count":0,"href":"https:\/\/www.sudvitrailmosaique.fr\/index.php\/wp-json\/wp\/v2\/pages\/27\/revisions"}],"up":[{"embeddable":true,"href":"https:\/\/www.sudvitrailmosaique.fr\/index.php\/wp-json\/wp\/v2\/pages\/7"}],"wp:attachment":[{"href":"https:\/\/www.sudvitrailmosaique.fr\/index.php\/wp-json\/wp\/v2\/media?parent=27"}],"curies":[{"name":"wp","href":"https:\/\/api.w.org\/{rel}","templated":true}]}}