{"id":25,"date":"2009-11-23T16:55:31","date_gmt":"2009-11-23T15:55:31","guid":{"rendered":"http:\/\/www.sudvitrailmosaique.fr\/index.php?page_id=25"},"modified":"2017-05-08T08:57:04","modified_gmt":"2017-05-08T07:57:04","slug":"histoire-de-la-mosaique","status":"publish","type":"page","link":"https:\/\/www.sudvitrailmosaique.fr\/index.php\/art-de-la-mosaique\/histoire-de-la-mosaique\/","title":{"rendered":"Histoire de la Mosa\u00efque"},"content":{"rendered":"<h3 style=\"text-align: left;\">Les origines de la mosa\u00efque<\/h3>\n<p style=\"text-align: justify;\">Les premi\u00e8res traces de la mosa\u00efque apparaissent en M\u00e9sopotamie, \u00e0 la fin du IV\u00e8me mill\u00e9naire avant J.-C. Pendant de nombreuses ann\u00e9es, les mat\u00e9riaux utilis\u00e9s sont principalement des galets de diff\u00e9rentes formes et couleurs, avec lesquels sont r\u00e9alis\u00e9s des motifs sur le sol. Les Sum\u00e9riens employ\u00e8rent \u00e9galement une technique consistant \u00e0 utiliser des morceaux de terre cuite de couleur rouge, blanche ou noire incrust\u00e9s dans les murs, afin de les d\u00e9corer et de les prot\u00e9ger. La mosa\u00efque de galets se diffusera par la suite dans tout le bassin m\u00e9diterran\u00e9en et sera en particulier largement utilis\u00e9e par les Grecs. Cette technique a perdur\u00e9 jusqu&rsquo;\u00e0 nos jours, avec la technique des calades, dont on peut voir de nombreux exemples en r\u00e9gion m\u00e9ridionale.<\/p>\n<p style=\"text-align: justify;\"><img decoding=\"async\" class=\"aligncenter size-full wp-image-164\" title=\"Chemin encalad\u00e9 conduisant \u00e0 la haute ville de Bonifacio \u2013 Corse \u2013 d\u00e9but 1900\" alt=\"\" src=\"https:\/\/www.sudvitrailmosaique.fr\/wp-content\/uploads\/2009\/11\/Chemin-encalad&eacute;-conduisant-&agrave;-la-haute-ville-de-Bonifacio-&ndash;-Corse-&ndash;-d&eacute;but-1900.jpg\" width=\"150\" height=\"236\" \/><\/p>\n<h3 style=\"text-align: left;\">La mosa\u00efque grecque<\/h3>\n<p style=\"text-align: justify;\">A partir du V\u00e8me si\u00e8cle avant J.-C., les Grecs commencent \u00e0 propager l&rsquo;utilisation de la pierre et du verre dans la mosa\u00efque, ce qui permet de r\u00e9aliser des surfaces plus planes, et plus confortables pour un usage domestique. L&rsquo;utilisation de ces mat\u00e9riaux, pouvant \u00eatre plus facilement taill\u00e9s selon des dimensions plus r\u00e9duites, permet d&rsquo;accro\u00eetre le r\u00e9alisme et la finesse des motifs r\u00e9alis\u00e9s : personnages, animaux, plantes, paysages, etc.<\/p>\n<p style=\"text-align: justify;\"><img decoding=\"async\" class=\"aligncenter size-full wp-image-167\" title=\"Masque comique - Mosa\u00efque du IIe s. apr\u00e8s JC\" alt=\"\" src=\"https:\/\/www.sudvitrailmosaique.fr\/wp-content\/uploads\/2009\/11\/Masque-comique-Mosa&iuml;que-du-IIe-s.-apr&egrave;s-JC.jpg\" width=\"153\" height=\"150\" \/><\/p>\n<h3 style=\"text-align: left;\">La mosa\u00efque romaine<\/h3>\n<p style=\"text-align: justify;\">L&rsquo;appropriation du savoir-faire des Grecs par les Romains, l&rsquo;exploitation de nombreuses carri\u00e8res de marbre \u00e0 travers l&#8217;empire et le raffinement extr\u00eame apport\u00e9e aux r\u00e9alisations ont contribu\u00e9 \u00e0 la diffusion des techniques de la mosa\u00efque \u00e0 l&rsquo;ensemble du monde latin, de Malte \u00e0 la Turquie. On retrouve ainsi sur les vo\u00fbtes, les murs et les sols des b\u00e2timents romains des \u0153uvres d&rsquo;art polychromes qui ont travers\u00e9 les si\u00e8cles. Les sujets de pr\u00e9dilection des artistes de l&rsquo;\u00e9poque sont les th\u00e8mes mythologiques ou historiques, souvent encadr\u00e9s de frises g\u00e9om\u00e9triques.<\/p>\n<p style=\"text-align: justify;\"><img decoding=\"async\" class=\"aligncenter size-full wp-image-169\" title=\"Mosaique de la Basilique Saint-Vital de Ravenne\" alt=\"\" src=\"https:\/\/www.sudvitrailmosaique.fr\/wp-content\/uploads\/2009\/11\/Mosaique-de-la-Basilique-Saint-Vital-de-Ravenne.jpg\" width=\"204\" height=\"150\" \/><\/p>\n<h3 style=\"text-align: left;\">La mosa\u00efque dans l&rsquo;art religieux<\/h3>\n<p style=\"text-align: justify;\">On retrouve les techniques de la mosa\u00efque dans la d\u00e9coration des premi\u00e8res \u00e9glises pal\u00e9ochr\u00e9tiennes, avec pour sujets des motifs g\u00e9om\u00e9triques, ainsi que l&rsquo;iconographie religieuse. C&rsquo;est ensuite \u00e0 Ravenne, en Italie, aux V\u00e8me et VI\u00e8me si\u00e8cle apr\u00e8s J.-C. que le proc\u00e9d\u00e9 de la mosa\u00efque va continuer \u00e0 \u00e9voluer. Cette technique, appel\u00e9e mosa\u00efque byzantine, conna\u00eet son apog\u00e9e autour du IX\u00e8me si\u00e8cle. A Byzance \u00e0 cette \u00e9poque, en effet, la mosa\u00efque est un art tr\u00e8s r\u00e9pandu : malgr\u00e9 la destruction de mosa\u00efques repr\u00e9sentant des figures chr\u00e9tiennes lors de la conqu\u00eate de la ville par les musulmans, de tr\u00e8s nombreux t\u00e9moignages de la profusion de la production de Constantinople ont subsist\u00e9 jusqu&rsquo;\u00e0 nos jours.<\/p>\n<p style=\"text-align: justify;\"><img loading=\"lazy\" decoding=\"async\" class=\"aligncenter size-full wp-image-166\" title=\"Mosa\u00efques bysantines de l'Eglise Saint Vital \u00e0 Ravenne - Italie\" alt=\"\" src=\"https:\/\/www.sudvitrailmosaique.fr\/wp-content\/uploads\/2009\/11\/Mosa&iuml;ques-bysantines-de-lEglise-Saint-Vital-&agrave;-Ravenne-Italie.jpg\" width=\"225\" height=\"150\" \/><\/p>\n<p style=\"text-align: justify;\">Les musulmans ont \u00e9galement utilis\u00e9 massivement la mosa\u00efque, notamment pour la d\u00e9coration ext\u00e9rieure des b\u00e2timents publics (mosqu\u00e9es) ou pour la d\u00e9coration int\u00e9rieure des riches demeures, comme on peut le voir, par exemple, dans les palais mauresques espagnols. Ce sont alors les motifs g\u00e9om\u00e9triques (symboles, arabesques) et les repr\u00e9sentations de la nature (feuillages) qui sont privil\u00e9gi\u00e9s.<\/p>\n<p style=\"text-align: justify;\"><img loading=\"lazy\" decoding=\"async\" class=\"aligncenter size-full wp-image-172\" title=\"Imam Mosque Isfahan - Iran\" alt=\"\" src=\"https:\/\/www.sudvitrailmosaique.fr\/wp-content\/uploads\/2009\/11\/Imam-Mosque-Isfahan-Iran.jpg\" width=\"150\" height=\"200\" \/><\/p>\n<p style=\"text-align: justify;\">Plus tard, du XII\u00e8me au XVI\u00e8me si\u00e8cle, m\u00eame si l&rsquo;engouement pour la mosa\u00efque s&rsquo;estompe, cet art continue \u00e0 \u00eatre utilis\u00e9, en particulier en Italie, dans la d\u00e9coration des \u00e9difices religieux.<\/p>\n<h3 style=\"text-align: left;\">La mosa\u00efque contemporaine<\/h3>\n<p style=\"text-align: justify;\">C&rsquo;est avec l&rsquo;av\u00e8nement, au d\u00e9but du XIX\u00e8me si\u00e8cle, du style Art D\u00e9co que la mosa\u00efque va conna\u00eetre un nouvel \u00e2ge d&rsquo;or. La red\u00e9couverte de cette technique gr\u00e2ce \u00e0 l&rsquo;utilisation de nouveaux mat\u00e9riaux, et de nouveaux motifs (g\u00e9om\u00e9triques, floraux, etc.) va provoquer un regain d&rsquo;int\u00e9r\u00eat de la part du public. A cette p\u00e9riode, de nombreux architectes utilisent la mosa\u00efque sur les fa\u00e7ades, comme rev\u00eatement mural dans les pi\u00e8ces de r\u00e9ception, sur les sols des halls d&rsquo;immeubles, etc. Des artistes comme Gustav Klimt, Antonio Gaudi, Marc Chagall y puisent une source d&rsquo;inspiration et apporteront \u00e0 la mosa\u00efque une contribution majeure.<\/p>\n<p style=\"text-align: justify;\"><img loading=\"lazy\" decoding=\"async\" class=\"aligncenter size-full wp-image-174\" title=\"Dragon en mosa\u00efque -Antoni Gaudi - Parc G\u00fcell - 1904-1910\" alt=\"\" src=\"https:\/\/www.sudvitrailmosaique.fr\/wp-content\/uploads\/2009\/11\/Dragon-en-mosa&iuml;que-Antoni-Gaudi-Parc-G&uuml;ell-1904-1910.jpg\" width=\"187\" height=\"150\" \/><\/p>\n<p>&nbsp;<\/p>\n<p style=\"text-align: center;\"><em>Pour notre plaisir, de nombreux artistes perp\u00e9tuent aujourd&rsquo;hui encore l&rsquo;art de la mosa\u00efque, tradition mill\u00e9naire sans cesse renouvel\u00e9e.<\/em><\/p>\n","protected":false},"excerpt":{"rendered":"<p>Les origines de la mosa\u00efque Les premi\u00e8res traces de la mosa\u00efque apparaissent en M\u00e9sopotamie, \u00e0 la fin du IV\u00e8me mill\u00e9naire avant J.-C. Pendant de nombreuses ann\u00e9es, les mat\u00e9riaux utilis\u00e9s sont principalement des galets de diff\u00e9rentes formes et couleurs, avec lesquels sont r\u00e9alis\u00e9s des motifs sur le sol. Les Sum\u00e9riens employ\u00e8rent \u00e9galement une technique consistant \u00e0 [&hellip;]<\/p>\n","protected":false},"author":5,"featured_media":0,"parent":7,"menu_order":1,"comment_status":"closed","ping_status":"closed","template":"","meta":{"ocean_post_layout":"","ocean_both_sidebars_style":"","ocean_both_sidebars_content_width":0,"ocean_both_sidebars_sidebars_width":0,"ocean_sidebar":"","ocean_second_sidebar":"","ocean_disable_margins":"enable","ocean_add_body_class":"","ocean_shortcode_before_top_bar":"","ocean_shortcode_after_top_bar":"","ocean_shortcode_before_header":"","ocean_shortcode_after_header":"","ocean_has_shortcode":"","ocean_shortcode_after_title":"","ocean_shortcode_before_footer_widgets":"","ocean_shortcode_after_footer_widgets":"","ocean_shortcode_before_footer_bottom":"","ocean_shortcode_after_footer_bottom":"","ocean_display_top_bar":"default","ocean_display_header":"default","ocean_header_style":"","ocean_center_header_left_menu":"","ocean_custom_header_template":"","ocean_custom_logo":0,"ocean_custom_retina_logo":0,"ocean_custom_logo_max_width":0,"ocean_custom_logo_tablet_max_width":0,"ocean_custom_logo_mobile_max_width":0,"ocean_custom_logo_max_height":0,"ocean_custom_logo_tablet_max_height":0,"ocean_custom_logo_mobile_max_height":0,"ocean_header_custom_menu":"","ocean_menu_typo_font_family":"","ocean_menu_typo_font_subset":"","ocean_menu_typo_font_size":0,"ocean_menu_typo_font_size_tablet":0,"ocean_menu_typo_font_size_mobile":0,"ocean_menu_typo_font_size_unit":"px","ocean_menu_typo_font_weight":"","ocean_menu_typo_font_weight_tablet":"","ocean_menu_typo_font_weight_mobile":"","ocean_menu_typo_transform":"","ocean_menu_typo_transform_tablet":"","ocean_menu_typo_transform_mobile":"","ocean_menu_typo_line_height":0,"ocean_menu_typo_line_height_tablet":0,"ocean_menu_typo_line_height_mobile":0,"ocean_menu_typo_line_height_unit":"","ocean_menu_typo_spacing":0,"ocean_menu_typo_spacing_tablet":0,"ocean_menu_typo_spacing_mobile":0,"ocean_menu_typo_spacing_unit":"","ocean_menu_link_color":"","ocean_menu_link_color_hover":"","ocean_menu_link_color_active":"","ocean_menu_link_background":"","ocean_menu_link_hover_background":"","ocean_menu_link_active_background":"","ocean_menu_social_links_bg":"","ocean_menu_social_hover_links_bg":"","ocean_menu_social_links_color":"","ocean_menu_social_hover_links_color":"","ocean_disable_title":"default","ocean_disable_heading":"default","ocean_post_title":"","ocean_post_subheading":"","ocean_post_title_style":"","ocean_post_title_background_color":"","ocean_post_title_background":0,"ocean_post_title_bg_image_position":"","ocean_post_title_bg_image_attachment":"","ocean_post_title_bg_image_repeat":"","ocean_post_title_bg_image_size":"","ocean_post_title_height":0,"ocean_post_title_bg_overlay":0.5,"ocean_post_title_bg_overlay_color":"","ocean_disable_breadcrumbs":"default","ocean_breadcrumbs_color":"","ocean_breadcrumbs_separator_color":"","ocean_breadcrumbs_links_color":"","ocean_breadcrumbs_links_hover_color":"","ocean_display_footer_widgets":"default","ocean_display_footer_bottom":"default","ocean_custom_footer_template":"","footnotes":""},"class_list":["post-25","page","type-page","status-publish","hentry","entry","owp-thumbs-layout-horizontal","owp-btn-very-big","owp-tabs-layout-horizontal","has-no-thumbnails","has-product-nav","circle-sale"],"yoast_head":"<!-- This site is optimized with the Yoast SEO plugin v27.5 - https:\/\/yoast.com\/product\/yoast-seo-wordpress\/ -->\n<title>Histoire de la Mosa\u00efque - Sud Vitrail Mosa\u00efque<\/title>\n<meta name=\"description\" content=\"Les origines de la mosa\u00efque. Les premi\u00e8res traces de la mosa\u00efque apparaissent en M\u00e9sopotamie, \u00e0 la fin du IV\u00e8me mill\u00e9naire avant J.-C.\" \/>\n<meta name=\"robots\" content=\"index, follow, max-snippet:-1, max-image-preview:large, max-video-preview:-1\" \/>\n<link rel=\"canonical\" href=\"https:\/\/www.sudvitrailmosaique.fr\/index.php\/art-de-la-mosaique\/histoire-de-la-mosaique\/\" \/>\n<meta property=\"og:locale\" content=\"fr_FR\" \/>\n<meta property=\"og:type\" content=\"article\" \/>\n<meta property=\"og:title\" content=\"Histoire de la Mosa\u00efque - Sud Vitrail Mosa\u00efque\" \/>\n<meta property=\"og:description\" content=\"Les origines de la mosa\u00efque. Les premi\u00e8res traces de la mosa\u00efque apparaissent en M\u00e9sopotamie, \u00e0 la fin du IV\u00e8me mill\u00e9naire avant J.-C.\" \/>\n<meta property=\"og:url\" content=\"https:\/\/www.sudvitrailmosaique.fr\/index.php\/art-de-la-mosaique\/histoire-de-la-mosaique\/\" \/>\n<meta property=\"og:site_name\" content=\"Sud Vitrail Mosa\u00efque\" \/>\n<meta property=\"article:publisher\" content=\"https:\/\/www.facebook.com\/Sudvitrailmosaique\/\" \/>\n<meta property=\"article:modified_time\" content=\"2017-05-08T07:57:04+00:00\" \/>\n<meta property=\"og:image\" content=\"https:\/\/www.sudvitrailmosaique.fr\/wp-content\/uploads\/2009\/11\/Chemin-encalad&eacute;-conduisant-&agrave;-la-haute-ville-de-Bonifacio-&ndash;-Corse-&ndash;-d&eacute;but-1900.jpg\" \/>\n<meta name=\"twitter:label1\" content=\"Dur\u00e9e de lecture estim\u00e9e\" \/>\n\t<meta name=\"twitter:data1\" content=\"4 minutes\" \/>\n<script type=\"application\/ld+json\" class=\"yoast-schema-graph\">{\"@context\":\"https:\\\/\\\/schema.org\",\"@graph\":[{\"@type\":\"WebPage\",\"@id\":\"https:\\\/\\\/www.sudvitrailmosaique.fr\\\/index.php\\\/art-de-la-mosaique\\\/histoire-de-la-mosaique\\\/\",\"url\":\"https:\\\/\\\/www.sudvitrailmosaique.fr\\\/index.php\\\/art-de-la-mosaique\\\/histoire-de-la-mosaique\\\/\",\"name\":\"Histoire de la Mosa\u00efque - Sud Vitrail Mosa\u00efque\",\"isPartOf\":{\"@id\":\"https:\\\/\\\/www.sudvitrailmosaique.fr\\\/#website\"},\"primaryImageOfPage\":{\"@id\":\"https:\\\/\\\/www.sudvitrailmosaique.fr\\\/index.php\\\/art-de-la-mosaique\\\/histoire-de-la-mosaique\\\/#primaryimage\"},\"image\":{\"@id\":\"https:\\\/\\\/www.sudvitrailmosaique.fr\\\/index.php\\\/art-de-la-mosaique\\\/histoire-de-la-mosaique\\\/#primaryimage\"},\"thumbnailUrl\":\"https:\\\/\\\/www.sudvitrailmosaique.fr\\\/wp-content\\\/uploads\\\/2009\\\/11\\\/Chemin-encalad&eacute;-conduisant-&agrave;-la-haute-ville-de-Bonifacio-&ndash;-Corse-&ndash;-d&eacute;but-1900.jpg\",\"datePublished\":\"2009-11-23T15:55:31+00:00\",\"dateModified\":\"2017-05-08T07:57:04+00:00\",\"description\":\"Les origines de la mosa\u00efque. Les premi\u00e8res traces de la mosa\u00efque apparaissent en M\u00e9sopotamie, \u00e0 la fin du IV\u00e8me mill\u00e9naire avant J.-C.\",\"breadcrumb\":{\"@id\":\"https:\\\/\\\/www.sudvitrailmosaique.fr\\\/index.php\\\/art-de-la-mosaique\\\/histoire-de-la-mosaique\\\/#breadcrumb\"},\"inLanguage\":\"fr-FR\",\"potentialAction\":[{\"@type\":\"ReadAction\",\"target\":[\"https:\\\/\\\/www.sudvitrailmosaique.fr\\\/index.php\\\/art-de-la-mosaique\\\/histoire-de-la-mosaique\\\/\"]}]},{\"@type\":\"ImageObject\",\"inLanguage\":\"fr-FR\",\"@id\":\"https:\\\/\\\/www.sudvitrailmosaique.fr\\\/index.php\\\/art-de-la-mosaique\\\/histoire-de-la-mosaique\\\/#primaryimage\",\"url\":\"https:\\\/\\\/www.sudvitrailmosaique.fr\\\/wp-content\\\/uploads\\\/2009\\\/11\\\/Chemin-encalad&eacute;-conduisant-&agrave;-la-haute-ville-de-Bonifacio-&ndash;-Corse-&ndash;-d&eacute;but-1900.jpg\",\"contentUrl\":\"https:\\\/\\\/www.sudvitrailmosaique.fr\\\/wp-content\\\/uploads\\\/2009\\\/11\\\/Chemin-encalad&eacute;-conduisant-&agrave;-la-haute-ville-de-Bonifacio-&ndash;-Corse-&ndash;-d&eacute;but-1900.jpg\"},{\"@type\":\"BreadcrumbList\",\"@id\":\"https:\\\/\\\/www.sudvitrailmosaique.fr\\\/index.php\\\/art-de-la-mosaique\\\/histoire-de-la-mosaique\\\/#breadcrumb\",\"itemListElement\":[{\"@type\":\"ListItem\",\"position\":1,\"name\":\"Accueil\",\"item\":\"https:\\\/\\\/www.sudvitrailmosaique.fr\\\/\"},{\"@type\":\"ListItem\",\"position\":2,\"name\":\"Art de la Mosa\u00efque\",\"item\":\"https:\\\/\\\/www.sudvitrailmosaique.fr\\\/index.php\\\/art-de-la-mosaique\\\/\"},{\"@type\":\"ListItem\",\"position\":3,\"name\":\"Histoire de la Mosa\u00efque\"}]},{\"@type\":\"WebSite\",\"@id\":\"https:\\\/\\\/www.sudvitrailmosaique.fr\\\/#website\",\"url\":\"https:\\\/\\\/www.sudvitrailmosaique.fr\\\/\",\"name\":\"Sud Vitrail Mosa\u00efque\",\"description\":\"La magie du Vitrail et de la Mosa\u00efque \u00e0 Brignoles (83170) dans le Var\",\"publisher\":{\"@id\":\"https:\\\/\\\/www.sudvitrailmosaique.fr\\\/#organization\"},\"potentialAction\":[{\"@type\":\"SearchAction\",\"target\":{\"@type\":\"EntryPoint\",\"urlTemplate\":\"https:\\\/\\\/www.sudvitrailmosaique.fr\\\/?s={search_term_string}\"},\"query-input\":{\"@type\":\"PropertyValueSpecification\",\"valueRequired\":true,\"valueName\":\"search_term_string\"}}],\"inLanguage\":\"fr-FR\"},{\"@type\":\"Organization\",\"@id\":\"https:\\\/\\\/www.sudvitrailmosaique.fr\\\/#organization\",\"name\":\"SUD VITRAIL MOSA\u00cfQUE\",\"url\":\"https:\\\/\\\/www.sudvitrailmosaique.fr\\\/\",\"logo\":{\"@type\":\"ImageObject\",\"inLanguage\":\"fr-FR\",\"@id\":\"https:\\\/\\\/www.sudvitrailmosaique.fr\\\/#\\\/schema\\\/logo\\\/image\\\/\",\"url\":\"https:\\\/\\\/www.sudvitrailmosaique.fr\\\/wp-content\\\/uploads\\\/2014\\\/01\\\/logo1.png\",\"contentUrl\":\"https:\\\/\\\/www.sudvitrailmosaique.fr\\\/wp-content\\\/uploads\\\/2014\\\/01\\\/logo1.png\",\"width\":120,\"height\":120,\"caption\":\"SUD VITRAIL MOSA\u00cfQUE\"},\"image\":{\"@id\":\"https:\\\/\\\/www.sudvitrailmosaique.fr\\\/#\\\/schema\\\/logo\\\/image\\\/\"},\"sameAs\":[\"https:\\\/\\\/www.facebook.com\\\/Sudvitrailmosaique\\\/\",\"https:\\\/\\\/www.pinterest.fr\\\/cjegauthier\\\/\",\"https:\\\/\\\/www.instagram.com\\\/sudvitrailmosaique\\\/\"]}]}<\/script>\n<!-- \/ Yoast SEO plugin. -->","yoast_head_json":{"title":"Histoire de la Mosa\u00efque - Sud Vitrail Mosa\u00efque","description":"Les origines de la mosa\u00efque. Les premi\u00e8res traces de la mosa\u00efque apparaissent en M\u00e9sopotamie, \u00e0 la fin du IV\u00e8me mill\u00e9naire avant J.-C.","robots":{"index":"index","follow":"follow","max-snippet":"max-snippet:-1","max-image-preview":"max-image-preview:large","max-video-preview":"max-video-preview:-1"},"canonical":"https:\/\/www.sudvitrailmosaique.fr\/index.php\/art-de-la-mosaique\/histoire-de-la-mosaique\/","og_locale":"fr_FR","og_type":"article","og_title":"Histoire de la Mosa\u00efque - Sud Vitrail Mosa\u00efque","og_description":"Les origines de la mosa\u00efque. Les premi\u00e8res traces de la mosa\u00efque apparaissent en M\u00e9sopotamie, \u00e0 la fin du IV\u00e8me mill\u00e9naire avant J.-C.","og_url":"https:\/\/www.sudvitrailmosaique.fr\/index.php\/art-de-la-mosaique\/histoire-de-la-mosaique\/","og_site_name":"Sud Vitrail Mosa\u00efque","article_publisher":"https:\/\/www.facebook.com\/Sudvitrailmosaique\/","article_modified_time":"2017-05-08T07:57:04+00:00","og_image":[{"url":"https:\/\/www.sudvitrailmosaique.fr\/wp-content\/uploads\/2009\/11\/Chemin-encalad&eacute;-conduisant-&agrave;-la-haute-ville-de-Bonifacio-&ndash;-Corse-&ndash;-d&eacute;but-1900.jpg","type":"","width":"","height":""}],"twitter_misc":{"Dur\u00e9e de lecture estim\u00e9e":"4 minutes"},"schema":{"@context":"https:\/\/schema.org","@graph":[{"@type":"WebPage","@id":"https:\/\/www.sudvitrailmosaique.fr\/index.php\/art-de-la-mosaique\/histoire-de-la-mosaique\/","url":"https:\/\/www.sudvitrailmosaique.fr\/index.php\/art-de-la-mosaique\/histoire-de-la-mosaique\/","name":"Histoire de la Mosa\u00efque - Sud Vitrail Mosa\u00efque","isPartOf":{"@id":"https:\/\/www.sudvitrailmosaique.fr\/#website"},"primaryImageOfPage":{"@id":"https:\/\/www.sudvitrailmosaique.fr\/index.php\/art-de-la-mosaique\/histoire-de-la-mosaique\/#primaryimage"},"image":{"@id":"https:\/\/www.sudvitrailmosaique.fr\/index.php\/art-de-la-mosaique\/histoire-de-la-mosaique\/#primaryimage"},"thumbnailUrl":"https:\/\/www.sudvitrailmosaique.fr\/wp-content\/uploads\/2009\/11\/Chemin-encalad&eacute;-conduisant-&agrave;-la-haute-ville-de-Bonifacio-&ndash;-Corse-&ndash;-d&eacute;but-1900.jpg","datePublished":"2009-11-23T15:55:31+00:00","dateModified":"2017-05-08T07:57:04+00:00","description":"Les origines de la mosa\u00efque. Les premi\u00e8res traces de la mosa\u00efque apparaissent en M\u00e9sopotamie, \u00e0 la fin du IV\u00e8me mill\u00e9naire avant J.-C.","breadcrumb":{"@id":"https:\/\/www.sudvitrailmosaique.fr\/index.php\/art-de-la-mosaique\/histoire-de-la-mosaique\/#breadcrumb"},"inLanguage":"fr-FR","potentialAction":[{"@type":"ReadAction","target":["https:\/\/www.sudvitrailmosaique.fr\/index.php\/art-de-la-mosaique\/histoire-de-la-mosaique\/"]}]},{"@type":"ImageObject","inLanguage":"fr-FR","@id":"https:\/\/www.sudvitrailmosaique.fr\/index.php\/art-de-la-mosaique\/histoire-de-la-mosaique\/#primaryimage","url":"https:\/\/www.sudvitrailmosaique.fr\/wp-content\/uploads\/2009\/11\/Chemin-encalad&eacute;-conduisant-&agrave;-la-haute-ville-de-Bonifacio-&ndash;-Corse-&ndash;-d&eacute;but-1900.jpg","contentUrl":"https:\/\/www.sudvitrailmosaique.fr\/wp-content\/uploads\/2009\/11\/Chemin-encalad&eacute;-conduisant-&agrave;-la-haute-ville-de-Bonifacio-&ndash;-Corse-&ndash;-d&eacute;but-1900.jpg"},{"@type":"BreadcrumbList","@id":"https:\/\/www.sudvitrailmosaique.fr\/index.php\/art-de-la-mosaique\/histoire-de-la-mosaique\/#breadcrumb","itemListElement":[{"@type":"ListItem","position":1,"name":"Accueil","item":"https:\/\/www.sudvitrailmosaique.fr\/"},{"@type":"ListItem","position":2,"name":"Art de la Mosa\u00efque","item":"https:\/\/www.sudvitrailmosaique.fr\/index.php\/art-de-la-mosaique\/"},{"@type":"ListItem","position":3,"name":"Histoire de la Mosa\u00efque"}]},{"@type":"WebSite","@id":"https:\/\/www.sudvitrailmosaique.fr\/#website","url":"https:\/\/www.sudvitrailmosaique.fr\/","name":"Sud Vitrail Mosa\u00efque","description":"La magie du Vitrail et de la Mosa\u00efque \u00e0 Brignoles (83170) dans le Var","publisher":{"@id":"https:\/\/www.sudvitrailmosaique.fr\/#organization"},"potentialAction":[{"@type":"SearchAction","target":{"@type":"EntryPoint","urlTemplate":"https:\/\/www.sudvitrailmosaique.fr\/?s={search_term_string}"},"query-input":{"@type":"PropertyValueSpecification","valueRequired":true,"valueName":"search_term_string"}}],"inLanguage":"fr-FR"},{"@type":"Organization","@id":"https:\/\/www.sudvitrailmosaique.fr\/#organization","name":"SUD VITRAIL MOSA\u00cfQUE","url":"https:\/\/www.sudvitrailmosaique.fr\/","logo":{"@type":"ImageObject","inLanguage":"fr-FR","@id":"https:\/\/www.sudvitrailmosaique.fr\/#\/schema\/logo\/image\/","url":"https:\/\/www.sudvitrailmosaique.fr\/wp-content\/uploads\/2014\/01\/logo1.png","contentUrl":"https:\/\/www.sudvitrailmosaique.fr\/wp-content\/uploads\/2014\/01\/logo1.png","width":120,"height":120,"caption":"SUD VITRAIL MOSA\u00cfQUE"},"image":{"@id":"https:\/\/www.sudvitrailmosaique.fr\/#\/schema\/logo\/image\/"},"sameAs":["https:\/\/www.facebook.com\/Sudvitrailmosaique\/","https:\/\/www.pinterest.fr\/cjegauthier\/","https:\/\/www.instagram.com\/sudvitrailmosaique\/"]}]}},"_links":{"self":[{"href":"https:\/\/www.sudvitrailmosaique.fr\/index.php\/wp-json\/wp\/v2\/pages\/25","targetHints":{"allow":["GET"]}}],"collection":[{"href":"https:\/\/www.sudvitrailmosaique.fr\/index.php\/wp-json\/wp\/v2\/pages"}],"about":[{"href":"https:\/\/www.sudvitrailmosaique.fr\/index.php\/wp-json\/wp\/v2\/types\/page"}],"author":[{"embeddable":true,"href":"https:\/\/www.sudvitrailmosaique.fr\/index.php\/wp-json\/wp\/v2\/users\/5"}],"replies":[{"embeddable":true,"href":"https:\/\/www.sudvitrailmosaique.fr\/index.php\/wp-json\/wp\/v2\/comments?post=25"}],"version-history":[{"count":0,"href":"https:\/\/www.sudvitrailmosaique.fr\/index.php\/wp-json\/wp\/v2\/pages\/25\/revisions"}],"up":[{"embeddable":true,"href":"https:\/\/www.sudvitrailmosaique.fr\/index.php\/wp-json\/wp\/v2\/pages\/7"}],"wp:attachment":[{"href":"https:\/\/www.sudvitrailmosaique.fr\/index.php\/wp-json\/wp\/v2\/media?parent=25"}],"curies":[{"name":"wp","href":"https:\/\/api.w.org\/{rel}","templated":true}]}}